{"id":56,"date":"2020-07-26T11:46:37","date_gmt":"2020-07-26T11:46:37","guid":{"rendered":"https:\/\/ingame.erasmus.site\/?page_id=56"},"modified":"2023-04-17T10:58:58","modified_gmt":"2023-04-17T08:58:58","slug":"partners","status":"publish","type":"page","link":"https:\/\/ingame.erasmus.site\/ro\/partners\/","title":{"rendered":"PARTENERI"},"content":{"rendered":"<p><\/p>\n<h2><img fetchpriority=\"high\" decoding=\"async\" class=\"size-medium wp-image-65 aligncenter\" src=\"https:\/\/ingame.erasmus.site\/wp-content\/uploads\/2020\/07\/grial_negro-300x300.png\" alt=\"\" width=\"300\" height=\"300\" srcset=\"https:\/\/ingame.erasmus.site\/wp-content\/uploads\/2020\/07\/grial_negro-300x300.png 300w, https:\/\/ingame.erasmus.site\/wp-content\/uploads\/2020\/07\/grial_negro-1024x1024.png 1024w, https:\/\/ingame.erasmus.site\/wp-content\/uploads\/2020\/07\/grial_negro-150x150.png 150w, https:\/\/ingame.erasmus.site\/wp-content\/uploads\/2020\/07\/grial_negro-768x768.png 768w, https:\/\/ingame.erasmus.site\/wp-content\/uploads\/2020\/07\/grial_negro-1536x1536.png 1536w, https:\/\/ingame.erasmus.site\/wp-content\/uploads\/2020\/07\/grial_negro.png 1915w\" sizes=\"(max-width: 300px) 100vw, 300px\" \/><\/h2>\n<h2 style=\"text-align: center;\">Coordonator &#8211; Universitatea din Salamanca (Spania)<\/h2>\n<p>Universitatea din Salamanca (USAL), fondat\u0103 \u00een 1218 \u0219i una dintre cele mai vechi universit\u0103\u021bi din Europa, este ast\u0103zi o universitate european\u0103 modern\u0103, deschis\u0103, practic, tuturor ramurilor de predare.\u00a0Experien\u021ba sa vast\u0103 \u00een colabor\u0103ri interna\u021bionale este documentat\u0103 at\u00e2t \u00een \u200b\u200bacordurile de cooperare \u00een vigoare cu peste 300 de institu\u021bii din \u00eentreaga lume, c\u00e2t \u0219i \u00een participarea cercet\u0103torilor s\u0103i la mai multe proiecte interna\u021bionale, \u00een special \u00een cadrul\u00a0programelor\u00a0europene\u00a0.\u00a0Din 2009, Universitatea din Salamanca a fost\u00a0recunoscut\u0103\u00a0drept Campus de Excelen\u021b\u0103 Interna\u021bional\u0103 de c\u0103tre guvernul spaniol, av\u00e2nd \u00een vedere calitatea \u0219i excelen\u021ba sa \u00een predare, formare, activit\u0103\u021bi de cercetare \u0219i via\u021b\u0103 academic\u0103.<\/p>\n<p>USAL particip\u0103 la acest proiect prin Grupul de cercetare \u00een InterAction \u0219i eLearning (GRIAL),\u00a0grup de cercetare\u00a0recunoscut\u00a0oficial\u00a0de USAL din 2006, premiat ca Grup de excelen\u021b\u0103 de c\u0103tre Guvernul regional din Castilla y Le\u00f3n (GR-47) din 2007 p\u00e2n\u0103 \u00een 2016 \u0219i ca unitate de cercetare consolidat\u0103 din iulie 2016 (UIC 081).<\/p>\n<p>Site-ul web: <a href=\"https:\/\/grial.usal.es\" target=\"_blank\" rel=\"noopener noreferrer\">https:\/\/grial.usal.es<\/a><\/p>\n<hr \/>\n<h2><img decoding=\"async\" class=\"size-medium wp-image-59 aligncenter\" src=\"https:\/\/ingame.erasmus.site\/wp-content\/uploads\/2020\/07\/ARL_logoRGB-300x70.png\" alt=\"\" width=\"300\" height=\"70\" srcset=\"https:\/\/ingame.erasmus.site\/wp-content\/uploads\/2020\/07\/ARL_logoRGB-300x70.png 300w, https:\/\/ingame.erasmus.site\/wp-content\/uploads\/2020\/07\/ARL_logoRGB-1024x238.png 1024w, https:\/\/ingame.erasmus.site\/wp-content\/uploads\/2020\/07\/ARL_logoRGB-768x179.png 768w, https:\/\/ingame.erasmus.site\/wp-content\/uploads\/2020\/07\/ARL_logoRGB-1536x357.png 1536w, https:\/\/ingame.erasmus.site\/wp-content\/uploads\/2020\/07\/ARL_logoRGB.png 1750w\" sizes=\"(max-width: 300px) 100vw, 300px\" \/><\/h2>\n<h2 style=\"text-align: center;\">Asocia\u021bia Rom\u00e2n\u0103 de Litera\u021bie (Rom\u00e2nia)<\/h2>\n<p>Asocia\u021bia Rom\u00e2n\u0103 de Litera\u021bie a fost \u00eenfiin\u021bat\u0103 \u00een decembrie 2013, \u00een conformitate cu ordinul judec\u0103toresc emis la 4 decembrie 2013.<\/p>\n<p>Scopul fundamental al asocia\u021biei este de a dezvolta, promova \u0219i sus\u021bine programele \u0219i proiectele educa\u021bionale care servesc la \u00eembun\u0103t\u0103\u021birea \u0219i dezvoltarea serviciilor educa\u021bionale furnizate de institu\u021biile de \u00eenv\u0103\u021b\u0103m\u00e2nt pentru copii, tineri \u0219i adul\u021bi din Rom\u00e2nia \u0219i din str\u0103in\u0103tate, precum \u0219i promovarea proiectelor \u00een domeniile educa\u021biei, social, cultural, asisten\u021b\u0103 civic\u0103 \u0219i responsabilitate social\u0103.<\/p>\n<p>RLA ofer\u0103 programe de formare pentru profesori \u0219i directori cu scopul de a ajuta \u0219colile s\u0103 devin\u0103 locuri de \u00eenv\u0103\u021bare mai bune pentru elevi.\u00a0RLA colaboreaz\u0103 cu multe alte organiza\u021bii publice \u0219i private pentru a dezvolta abilit\u0103\u021bile de alfabetizare func\u021bional\u0103 \u0219i digital\u0103 ale studen\u021bilor.<\/p>\n<p>Site-ul web: <a href=\"https:\/\/www.arlromania.ro\/\" target=\"_blank\" rel=\"noopener noreferrer\">https:\/\/www.arlromania.ro\/<\/a><\/p>\n<hr \/>\n<h2><img decoding=\"async\" class=\"size-medium wp-image-63 aligncenter\" src=\"https:\/\/ingame.erasmus.site\/wp-content\/uploads\/2020\/07\/act_burgundy_logo-300x225.jpg\" alt=\"\" width=\"300\" height=\"225\" srcset=\"https:\/\/ingame.erasmus.site\/wp-content\/uploads\/2020\/07\/act_burgundy_logo-300x225.jpg 300w, https:\/\/ingame.erasmus.site\/wp-content\/uploads\/2020\/07\/act_burgundy_logo-768x576.jpg 768w, https:\/\/ingame.erasmus.site\/wp-content\/uploads\/2020\/07\/act_burgundy_logo.jpg 1024w\" sizes=\"(max-width: 300px) 100vw, 300px\" \/><\/h2>\n<h2 style=\"text-align: center;\">Asocia\u021bia Educa\u021bional\u0103 Anatolia (Grecia)<\/h2>\n<p>Dup\u0103 \u00eenfiin\u021barea sa ini\u021bial\u0103 \u00een 1886 \u00een\u00a0Merzifon\u00a0, Turcia, Anatolia a fost sinonim cu educa\u021bie de calitate.\u00a0Cu sediul \u00een Salonic, Grecia din 1923, Anatolia este o\u00a0comunitate educa\u021bional\u0103 integrat\u0103 cu trei divizii academice: \u0218coala Elementar\u0103 Anatolia, Liceul Anatolia \u0219i ACT &#8211; Colegiul American din Salonic.\u00a0Ofer\u0103 programe curriculare \u0219i extracurriculare riguroase, de \u00eenalt\u0103 calitate, \u00eentr-un mediu educa\u021bional divers din punct de vedere cultural.\u00a0Infrastructura sa solid\u0103 include dou\u0103 biblioteci, dintre care una, Biblioteca Bissell, este una dintre cele mai mari biblioteci \u00een limba englez\u0103 din Grecia.\u00a0Centrele de\u00a0tehnologie\u00a0\u0219i laboratoarele IT ale \u0219colii au facilit\u0103\u021bi IT de ultim\u0103 genera\u021bie u\u0219or accesibile cercet\u0103torilor.<\/p>\n<p>Site-ul web: <a href=\"https:\/\/www.act.edu\/\" target=\"_blank\" rel=\"noopener noreferrer\">https:\/\/www.act.edu\/<\/a><\/p>\n<hr \/>\n<p><a name=\"univ\"><\/a><\/p>\n<h2><img loading=\"lazy\" decoding=\"async\" class=\"size-medium wp-image-60 aligncenter\" src=\"https:\/\/ingame.erasmus.site\/wp-content\/uploads\/2020\/07\/KTU-logo-ilgas-EN-300x156.jpg\" alt=\"\" width=\"300\" height=\"156\" srcset=\"https:\/\/ingame.erasmus.site\/wp-content\/uploads\/2020\/07\/KTU-logo-ilgas-EN-300x156.jpg 300w, https:\/\/ingame.erasmus.site\/wp-content\/uploads\/2020\/07\/KTU-logo-ilgas-EN-1024x531.jpg 1024w, https:\/\/ingame.erasmus.site\/wp-content\/uploads\/2020\/07\/KTU-logo-ilgas-EN-768x398.jpg 768w, https:\/\/ingame.erasmus.site\/wp-content\/uploads\/2020\/07\/KTU-logo-ilgas-EN.jpg 1304w\" sizes=\"(max-width: 300px) 100vw, 300px\" \/><\/h2>\n<h2 style=\"text-align: center;\">Universitatea de Tehnologie Kaunas (Lituania)<\/h2>\n<p>Facultatea de Informatic\u0103 de la Universitatea de Tehnologie Kaunas (Lituania) este primul \u0219i unul dintre cele mai mari centre de cercetare \u0219i educa\u021bie din Lituania care ofer\u0103 studii \u00een domeniul tehnologiei informa\u021biei, unde peste 2.000 de studen\u021bi \u00een fiecare an sunt forma\u021bi de aproximativ 200 de profesori.\u00a0\u00cen fiecare an, num\u0103rul de profesioni\u0219ti care se al\u0103tur\u0103 personalului nostru didactic cre\u0219te &#8211; reprezentan\u021bii organiza\u021biilor \u0219i institu\u021biilor lituaniene \u0219i interna\u021bionale importante contribuie la formarea tinerilor speciali\u0219ti IT.\u00a0Suntem m\u00e2ndri nu numai de studen\u021bii no\u0219tri, al c\u0103ror num\u0103r cre\u0219te cel mai rapid \u00een Lituania \u0219i ale c\u0103ror realiz\u0103ri \u0219i abilit\u0103\u021bi sunt l\u0103udate de angajatorii din \u00eentreaga lume, ci \u0219i de oamenii de \u0219tiin\u021b\u0103 \u0219i cercet\u0103torii no\u0219tri care sunt implica\u021bi activ \u00een desf\u0103\u0219urarea de proiecte de cercetare interdisciplinar\u0103 \u00eempreun\u0103 cu institu\u021bii din domeniile afaceri, industrie \u0219i alte institu\u021bii ale statului.<\/p>\n<p>Site-ul web: <a href=\"https:\/\/en.ktu.edu\/\" target=\"_blank\" rel=\"noopener noreferrer\">https:\/\/en.ktu.edu\/<\/a><\/p>\n<hr \/>\n<h2><img loading=\"lazy\" decoding=\"async\" class=\"size-medium wp-image-61 aligncenter\" src=\"https:\/\/ingame.erasmus.site\/wp-content\/uploads\/2020\/07\/zbv-300x177.png\" alt=\"\" width=\"300\" height=\"177\" srcset=\"https:\/\/ingame.erasmus.site\/wp-content\/uploads\/2020\/07\/zbv-300x177.png 300w, https:\/\/ingame.erasmus.site\/wp-content\/uploads\/2020\/07\/zbv.png 690w\" sizes=\"(max-width: 300px) 100vw, 300px\" \/><\/h2>\n<h2 style=\"text-align: center;\">ZB&amp;V (Olanda)<\/h2>\n<p>ZB&amp;V asist\u0103 clien\u021bii \u00een cercetarea \u0219i elaborarea abord\u0103rilor narative care pot fi aplicate pe scar\u0103 larg\u0103 \u00een educa\u021bie, \u00eengrijire social\u0103 \u0219i leadership. Dezvolt\u0103m instruiri\/form\u0103ri \u0219i ateliere de lucru \u0219i suntem, de asemenea, lectori \u00een abord\u0103ri narative \u0219i povestiri aplicate. Abord\u0103rile narative \u0219i povestirea aplicat\u0103 pot fi utile \u00een multe contexte: transferul de cuno\u0219tin\u021be, schimbul de povestiri, analiza pove\u0219ti, realizarea \u0219i crearea sensurilor, dezvoltarea alternativ\u0103 a pove\u0219tii \u0219i a sinelui. De asemenea, poate consolida rezilien\u021ba la indivizi \u0219i comunit\u0103\u021bi \u0219i \u00eei poate sprijini s\u0103 fac\u0103 fa\u021b\u0103 schimb\u0103rilor, s\u0103 fac\u0103 planuri \u0219i s\u0103 ac\u021bioneze \u00een baza lor. ZB&amp;V este, de asemenea, partener \u00een cadrul proiectelor europene (Erasmus +).<\/p>\n<p>Site-ul web: <a href=\"https:\/\/zbvresearch.nl\/index.html\" target=\"_blank\" rel=\"noopener noreferrer\">https:\/\/zbvresearch.nl\/index.html<\/a><\/p>\n<hr \/>\n<h2><img loading=\"lazy\" decoding=\"async\" class=\"size-medium wp-image-64 aligncenter\" src=\"https:\/\/ingame.erasmus.site\/wp-content\/uploads\/2020\/07\/CSI_logo_HighRes_NoBackground-300x102.png\" alt=\"\" width=\"300\" height=\"102\" srcset=\"https:\/\/ingame.erasmus.site\/wp-content\/uploads\/2020\/07\/CSI_logo_HighRes_NoBackground-300x102.png 300w, https:\/\/ingame.erasmus.site\/wp-content\/uploads\/2020\/07\/CSI_logo_HighRes_NoBackground-1024x350.png 1024w, https:\/\/ingame.erasmus.site\/wp-content\/uploads\/2020\/07\/CSI_logo_HighRes_NoBackground-768x262.png 768w, https:\/\/ingame.erasmus.site\/wp-content\/uploads\/2020\/07\/CSI_logo_HighRes_NoBackground-1536x525.png 1536w, https:\/\/ingame.erasmus.site\/wp-content\/uploads\/2020\/07\/CSI_logo_HighRes_NoBackground-2048x700.png 2048w\" sizes=\"(max-width: 300px) 100vw, 300px\" \/><\/h2>\n<h2 style=\"text-align: center;\">Centrul de inovare social\u0103 (Cipru)<\/h2>\n<p>Centrul pentru inovare social\u0103 (CSI) este o organiza\u021bie interna\u021bional\u0103 de cercetare \u0219i dezvoltare care se concentreaz\u0103 pe promovarea inov\u0103rii sociale care poate aduce o schimbare pozitiv\u0103 provoc\u0103rilor locale, na\u021bionale, regionale \u0219i globale.\u00a0Echipa CSI este alc\u0103tuit\u0103 din cercet\u0103tori sociali, antreprenori, manageri de proiect, formatori \u0219i dezvoltatori de tehnologii informa\u021bionale, complet echipa\u021bi.\u00a0Centrul pentru inovare social\u0103 lucreaz\u0103 \u00een jurul problemelor sociale sistemice care afecteaz\u0103 modul \u00een care studiem, lucr\u0103m, socializ\u0103m, ne tr\u0103im vie\u021bile \u0219i trat\u0103m oamenii din jurul nostru.\u00a0Obiectivul nostru este de a dezvolta \u00een permanen\u021b\u0103 o \u00een\u021belegere larg\u0103 a cauzei principale a acestor probleme, de a dezvolta solu\u021bii care sunt \u00een\u0103l\u021b\u0103toare \u0219i energizante social \u0219i de a sus\u021bine aceste solu\u021bii prin procese perturbatoare care iau \u00een considerare sustenabilitatea pe termen lung.\u00a0Obiectivul nostru strategic este ca toate proiectele \u00een care suntem implica\u021bi s\u0103 produc\u0103 un impact pozitiv \u00een ecosistemul local, regional \u0219i global.<\/p>\n<p>Site-ul web: <a href=\"http:\/\/csicy.com\" target=\"_blank\" rel=\"noopener noreferrer\">http:\/\/csicy.com<\/a><\/p>\n<hr \/>\n<h2><img loading=\"lazy\" decoding=\"async\" class=\"size-full wp-image-57 aligncenter\" src=\"https:\/\/ingame.erasmus.site\/wp-content\/uploads\/2020\/07\/Logo-Oxfam-Italia.png\" alt=\"\" width=\"206\" height=\"82\" \/><\/h2>\n<h2 style=\"text-align: center;\">OXFAM Italia (Italia)<\/h2>\n<p>Oxfam Italia este un ONG italian de dezvoltare, asocia\u021bie non-profit, membru cu drepturi depline al Confedera\u021biei Interna\u021bionale Oxfam care a implicat 20 de organiza\u021bii \u00een re\u021bea \u00een mai mult de 90 de \u021b\u0103ri, ca parte a unei mi\u0219c\u0103ri globale pentru schimbare, pentru a construi un viitor liber\u00a0de nedreptatea s\u0103r\u0103cie.\u00a0Principalele domenii de interven\u021bie ale Oxfam Italia sunt: \u200b\u200bCooperarea pentru dezvoltare \u0219i ajutorul umanitar;\u00a0Campanii \u0219i educa\u021bie pentru cet\u0103\u021benie activ\u0103;\u00a0Proiecte de dezvoltare local\u0103, primirea migran\u021bilor, excluderea social\u0103 \u0219i integrarea migran\u021bilor.\u00a0Bazat pe cercet\u0103ri \u0219i analize \u0219i pe experien\u021ba real\u0103 a partenerilor locali din \u021b\u0103rile \u00een curs de dezvoltare, Oxfam Italia, \u00een colaborare cu toate organiza\u021biile afiliate Oxfam, desf\u0103\u0219oar\u0103 activit\u0103\u021bi de campanie \u0219i advocacy pentru a sensibiliza publicul cu privire la cauzele s\u0103r\u0103ciei, a \u00eencuraja oamenii obi\u0219nui\u021bi s\u0103 ia m\u0103suri pentru o lume mai echitabil\u0103 \u0219i s\u0103 preseze factorii de decizie pentru a schimba politicile \u0219i practicile care consolideaz\u0103 s\u0103r\u0103cia \u0219i nedreptatea.<\/p>\n<p>Site-ul web: <a href=\"https:\/\/www.oxfam.org\" target=\"_blank\" rel=\"noopener noreferrer\">https:\/\/www.oxfam.org<\/a><\/p>\n<hr \/>\n<h2><img loading=\"lazy\" decoding=\"async\" class=\" wp-image-1523 aligncenter\" src=\"https:\/\/ingame.erasmus.site\/wp-content\/uploads\/2020\/10\/51080312_1196371773859207_6149029700439113728_n-300x300.png\" alt=\"\" width=\"209\" height=\"209\" srcset=\"https:\/\/ingame.erasmus.site\/wp-content\/uploads\/2020\/10\/51080312_1196371773859207_6149029700439113728_n-300x300.png 300w, https:\/\/ingame.erasmus.site\/wp-content\/uploads\/2020\/10\/51080312_1196371773859207_6149029700439113728_n-150x150.png 150w, https:\/\/ingame.erasmus.site\/wp-content\/uploads\/2020\/10\/51080312_1196371773859207_6149029700439113728_n-768x768.png 768w, https:\/\/ingame.erasmus.site\/wp-content\/uploads\/2020\/10\/51080312_1196371773859207_6149029700439113728_n-24x24.png 24w, https:\/\/ingame.erasmus.site\/wp-content\/uploads\/2020\/10\/51080312_1196371773859207_6149029700439113728_n-36x36.png 36w, https:\/\/ingame.erasmus.site\/wp-content\/uploads\/2020\/10\/51080312_1196371773859207_6149029700439113728_n-48x48.png 48w, https:\/\/ingame.erasmus.site\/wp-content\/uploads\/2020\/10\/51080312_1196371773859207_6149029700439113728_n.png 801w\" sizes=\"(max-width: 209px) 100vw, 209px\" \/><\/h2>\n<h2 style=\"text-align: center;\">Simplexis\u00a0(Grecia)<\/h2>\n<p>Symplexis\u00a0este o organiza\u021bie greceasc\u0103 non-profit care se lupt\u0103 s\u0103 asigure oportunit\u0103\u021bi egale pentru to\u021bi, prin ac\u021biuni \u0219i m\u0103suri care construiesc abilit\u0103\u021bi, \u00eemputernicesc \u0219i promoveaz\u0103 implicarea activ\u0103 \u0219i participarea, concentr\u00e2ndu-se pe cele mai vulnerabile categorii ale popula\u021biei \u0219i \u00een special pe cele cu mai pu\u021bine oportunit\u0103\u021bi.\u00a0Misiunea\u00a0Symplexis\u00a0este aceea de a cre\u0219te coeziunea social\u0103 prin ac\u021biuni integrate \u0219i activit\u0103\u021bi bazate pe proiecte care vizeaz\u0103 promovarea incluziunii grupurilor defavorizate cu risc de marginalizare \u0219i excluziune, promov\u00e2nd \u0219i protej\u00e2nd \u00een acela\u0219i timp drepturile diferitelor tipuri de grupuri de popula\u021bie care se confrunt\u0103 cu discriminare, concentr\u00e2ndu-se pe abilitarea \u0219i sus\u021binerea victimelor, sensibilizarea \u0219i schimbul de informa\u021bii la toate nivelurile.<\/p>\n<p>Activitatea Symplexis\u00a0se bazeaz\u0103 pe abord\u0103ri \u0219i interven\u021bii conduse de utilizatori \u00een jurul a patru axe principale de expertiz\u0103, \u0219i anume:<\/p>\n<p>&#8211; Incluziunea social\u0103 \u0219i economic\u0103 a celor mai nevoia\u0219i, cuprinz\u00e2nd o mare varietate de activit\u0103\u021bi care vizeaz\u0103 reducerea s\u0103r\u0103ciei, prevenirea\u00a0marginaliz\u0103rii\u00a0\u0219i promovarea integr\u0103rii durabile a grupurilor defavorizate, \u00een special concentr\u00e2ndu-se asupra resortisan\u021bilor \u021b\u0103rilor ter\u021be.<\/p>\n<p>&#8211; Protec\u021bia \u0219i promovarea drepturilor omului prin activit\u0103\u021bi \u0219i interven\u021bii care r\u0103spund nevoilor unei game largi de grupuri de popula\u021bie discriminate, precum femeile, copiii \u0219i persoanele \u00een v\u00e2rst\u0103, victimele violen\u021bei \u0219i traficului de persoane, comunitatea LGBTQI, romii \u0219i minorii ne\u00eenso\u021bi\u021bi, migran\u021bi \u0219i solicitan\u021bi de azil \/ refugia\u021bi.<\/p>\n<p>&#8211; \u00cembun\u0103t\u0103\u021birea capacit\u0103\u021bii, consolidarea capacit\u0103\u021bilor \u0219i abilitarea grupurilor vulnerabile, cu scopul de a promova accesul egal la educa\u021bie formal\u0103 \u0219i non-formal\u0103 pentru to\u021bi \u0219i de a promova \u00eenv\u0103\u021barea pe tot parcursul vie\u021bii, concentr\u00e2ndu-se pe persoanele cu abilit\u0103\u021bi sc\u0103zute care se confrunt\u0103 cu dificult\u0103\u021bi pe \u00a0pia\u021ba\u00a0muncii\u00a0.<\/p>\n<p>&#8211; Dezvoltarea copilului \u0219i a tinerilor prin ac\u021biuni \u0219i proiecte menite s\u0103 reduc\u0103 s\u0103r\u0103cia tinerilor, s\u0103 promoveze protec\u021bia copilului \u0219i s\u0103 stimuleze incluziunea social\u0103 \u0219i dezvoltarea.<\/p>\n<p>Site-ul web: <a href=\"https:\/\/symplexis.eu\" target=\"_blank\" rel=\"noopener noreferrer\">https:\/\/symplexis.eu<\/a><\/p>\n<hr \/>\n<p><img loading=\"lazy\" decoding=\"async\" class=\"size-medium wp-image-58 aligncenter\" src=\"https:\/\/ingame.erasmus.site\/wp-content\/uploads\/2020\/07\/logo-DANMAR-pion-z-haslem-300x240.jpg\" alt=\"\" width=\"300\" height=\"240\" srcset=\"https:\/\/ingame.erasmus.site\/wp-content\/uploads\/2020\/07\/logo-DANMAR-pion-z-haslem-300x240.jpg 300w, https:\/\/ingame.erasmus.site\/wp-content\/uploads\/2020\/07\/logo-DANMAR-pion-z-haslem-768x613.jpg 768w, https:\/\/ingame.erasmus.site\/wp-content\/uploads\/2020\/07\/logo-DANMAR-pion-z-haslem.jpg 983w\" sizes=\"(max-width: 300px) 100vw, 300px\" \/><\/p>\n<h2 style=\"text-align: center;\">Danmar\u00a0Computers Sp.\u00a0z\u00a0oo\u00a0.\u00a0(Polonia)<\/h2>\n<p>Danmar\u00a0Computers LLC este o companie privat\u0103 care opereaz\u0103 \u00een domeniul tehnologiei informa\u021biei \u0219i ofer\u0103 formare profesional\u0103 \u00een acest domeniu.\u00a0Danmar\u00a0are o vast\u0103 experien\u021b\u0103 \u00een dezvoltarea aplica\u021biilor web \u0219i mobile moderne care sunt utilizate \u00een scopuri educa\u021bionale.\u00a0Danmar\u00a0are, de asemenea, o experien\u021b\u0103 pe termen lung \u00een realizarea de proiecte europene \u00een cadrul c\u0103rora personalul companiei din zona de cercetare \u0219i dezvoltare efectueaz\u0103 cercet\u0103ri \u0219i preg\u0103te\u0219te cursuri de instruire adaptate nevoilor diferi\u021bilor cursan\u021bi.\u00a0Pe parcursul a 18 ani,\u00a0Danmar\u00a0a implementat cu succes peste 100 de proiecte \u00een cadrul\u00a0Grundtvig\u00a0, Leonardo da Vinci, Progress \u0219i recent Erasmus +.<\/p>\n<p>\u00cen multe dintre aceste proiecte,\u00a0Danmar a\u00a0fost responsabil pentru proiectarea \u0219i coordonarea strategiilor de diseminare.\u00a0Danmar\u00a0Computers este dezvoltatorul \u0219i furnizorul AdminProject (adminproject.eu), sistemul on-line pentru gestionarea proiectelor europene.\u00a0Toate activit\u0103\u021bile companiei se bazeaz\u0103 pe o re\u021bea larg\u0103 \u0219i bine stabilit\u0103 de cooperare, at\u00e2t la nivel na\u021bional, c\u00e2t \u0219i interna\u021bional.\u00a0Re\u021belele na\u021bionale includ institu\u021bii de formare \u0219i de\u00a0consiliere, universit\u0103\u021bi, \u0219coli, organiza\u021bii non-guvernamentale\u00a0\u00a0precum \u0219i companii din\u00a0sectorul privat.\u00a0Re\u021beaua interna\u021bional\u0103 include parteneri de diferite profiluri provenind din fiecare \u021bar\u0103 a Uniunii Europene.\u00a0Misiunea\u00a0Danmar\u00a0Computer este promovarea educa\u021biei pe tot parcursul vie\u021bii \u0219i asigurarea accesului egal la educa\u021bie pentru toat\u0103 lumea, cu ajutorul tehnologiei moderne.<\/p>\n<p>Site-ul web: <a href=\"https:\/\/danmar-computers.com.pl\/en\" target=\"_blank\" rel=\"noopener noreferrer\">https:\/\/danmar-computers.com.pl\/en<\/a><\/p>","protected":false},"excerpt":{"rendered":"<p>Coordonator &#8211; Universitatea din Salamanca (Spania) Universitatea din Salamanca (USAL), fondat\u0103 \u00een 1218 \u0219i una dintre cele mai vechi universit\u0103\u021bi din Europa, este ast\u0103zi o universitate european\u0103 modern\u0103, deschis\u0103, practic, &#8230;<\/p>\n","protected":false},"author":1,"featured_media":0,"parent":0,"menu_order":0,"comment_status":"closed","ping_status":"closed","template":"template-fullwidth.php","meta":{"_acf_changed":false,"footnotes":""},"class_list":["post-56","page","type-page","status-publish","hentry"],"acf":[],"_links":{"self":[{"href":"https:\/\/ingame.erasmus.site\/ro\/wp-json\/wp\/v2\/pages\/56","targetHints":{"allow":["GET"]}}],"collection":[{"href":"https:\/\/ingame.erasmus.site\/ro\/wp-json\/wp\/v2\/pages"}],"about":[{"href":"https:\/\/ingame.erasmus.site\/ro\/wp-json\/wp\/v2\/types\/page"}],"author":[{"embeddable":true,"href":"https:\/\/ingame.erasmus.site\/ro\/wp-json\/wp\/v2\/users\/1"}],"replies":[{"embeddable":true,"href":"https:\/\/ingame.erasmus.site\/ro\/wp-json\/wp\/v2\/comments?post=56"}],"version-history":[{"count":20,"href":"https:\/\/ingame.erasmus.site\/ro\/wp-json\/wp\/v2\/pages\/56\/revisions"}],"predecessor-version":[{"id":2182,"href":"https:\/\/ingame.erasmus.site\/ro\/wp-json\/wp\/v2\/pages\/56\/revisions\/2182"}],"wp:attachment":[{"href":"https:\/\/ingame.erasmus.site\/ro\/wp-json\/wp\/v2\/media?parent=56"}],"curies":[{"name":"wp","href":"https:\/\/api.w.org\/{rel}","templated":true}]}}