{"id":56,"date":"2020-07-26T11:46:37","date_gmt":"2020-07-26T11:46:37","guid":{"rendered":"https:\/\/ingame.erasmus.site\/?page_id=56"},"modified":"2023-04-17T10:58:58","modified_gmt":"2023-04-17T08:58:58","slug":"partners","status":"publish","type":"page","link":"https:\/\/ingame.erasmus.site\/pl\/partners\/","title":{"rendered":"PARTNERZY"},"content":{"rendered":"<p><\/p>\n<h2><img fetchpriority=\"high\" decoding=\"async\" class=\"size-medium wp-image-65 aligncenter\" src=\"https:\/\/ingame.erasmus.site\/wp-content\/uploads\/2020\/07\/grial_negro-300x300.png\" alt=\"\" width=\"300\" height=\"300\" srcset=\"https:\/\/ingame.erasmus.site\/wp-content\/uploads\/2020\/07\/grial_negro-300x300.png 300w, https:\/\/ingame.erasmus.site\/wp-content\/uploads\/2020\/07\/grial_negro-1024x1024.png 1024w, https:\/\/ingame.erasmus.site\/wp-content\/uploads\/2020\/07\/grial_negro-150x150.png 150w, https:\/\/ingame.erasmus.site\/wp-content\/uploads\/2020\/07\/grial_negro-768x768.png 768w, https:\/\/ingame.erasmus.site\/wp-content\/uploads\/2020\/07\/grial_negro-1536x1536.png 1536w, https:\/\/ingame.erasmus.site\/wp-content\/uploads\/2020\/07\/grial_negro.png 1915w\" sizes=\"(max-width: 300px) 100vw, 300px\" \/><\/h2>\n<h2 style=\"text-align: center;\">Koordynator \u2013 Universidad de Salamanca (Hiszpania)<\/h2>\n<p>Universidad de Salamanca (USAL) zosta\u0142 za\u0142o\u017cony w 1218 roku i jest jednym z najstarszych uniwersytet\u00f3w w Europie. Jest postrzegany jako nowoczesny uniwersytet, otwarty na kultur\u0119 praktycznie w ka\u017cdej ga\u0142\u0119zi nauczania. Uniwersytet ma du\u017ce do\u015bwiadczenie we wsp\u00f3\u0142pracy mi\u0119dzynarodowej, kt\u00f3re jest udokumentowane zar\u00f3wno w obowi\u0105zuj\u0105cych umowach o wsp\u00f3\u0142pracy z ponad 300 instytucjami na ca\u0142ym \u015bwiecie, jak i w udziale jego naukowc\u00f3w w wielu mi\u0119dzynarodowych projektach, w szczeg\u00f3lno\u015bci w ramach Program\u00f3w Europejskich. Od 2009 roku Uniwersytet w Salamance jest uznawany przez rz\u0105d hiszpa\u0144ski za Kampus Doskona\u0142o\u015bci Mi\u0119dzynarodowej, ze wzgl\u0119du na wysok\u0105 jako\u015b\u0107 i doskona\u0142o\u015b\u0107 w nauczaniu, szkoleniach, dzia\u0142alno\u015bci badawczej i \u017cyciu akademickim. USAL uczestniczy w tym projekcie poprzez Grup\u0119 Badawcz\u0105 InterAction i eLearning (GRIAL), oficjalnie uznan\u0105 grup\u0119 badawcz\u0105 przez USAL od 2006 roku, nagrodzon\u0105 jako Grupa Doskona\u0142o\u015bci przez Rz\u0105d Regionalny Castilla y Le\u00f3n (GR-47) od 2007 do 2016 roku i jako Skonsolidowana Jednostka Badawcza od lipca 2016 roku (UIC 081).<\/p>\n<p>Strona internetowa: <a href=\"https:\/\/grial.usal.es\" target=\"_blank\" rel=\"noopener noreferrer\">https:\/\/grial.usal.es<\/a><\/p>\n<hr \/>\n<h2><img decoding=\"async\" class=\"size-medium wp-image-59 aligncenter\" src=\"https:\/\/ingame.erasmus.site\/wp-content\/uploads\/2020\/07\/ARL_logoRGB-300x70.png\" alt=\"\" width=\"300\" height=\"70\" srcset=\"https:\/\/ingame.erasmus.site\/wp-content\/uploads\/2020\/07\/ARL_logoRGB-300x70.png 300w, https:\/\/ingame.erasmus.site\/wp-content\/uploads\/2020\/07\/ARL_logoRGB-1024x238.png 1024w, https:\/\/ingame.erasmus.site\/wp-content\/uploads\/2020\/07\/ARL_logoRGB-768x179.png 768w, https:\/\/ingame.erasmus.site\/wp-content\/uploads\/2020\/07\/ARL_logoRGB-1536x357.png 1536w, https:\/\/ingame.erasmus.site\/wp-content\/uploads\/2020\/07\/ARL_logoRGB.png 1750w\" sizes=\"(max-width: 300px) 100vw, 300px\" \/><\/h2>\n<h2 style=\"text-align: center;\">Romanian Literacy Association (Romania)<\/h2>\n<p>Romanian Literacy Association zosta\u0142o za\u0142o\u017cone w grudniu 2013 roku, zgodnie z postanowieniem wydanym przez S\u0105d w dniu 4 grudnia 2013 roku.<\/p>\n<p>Podstawowym celem stowarzyszenia jest rozw\u00f3j, promocja i wspieranie program\u00f3w i projekt\u00f3w edukacyjnych, kt\u00f3re s\u0142u\u017c\u0105 poprawie i rozwojowi us\u0142ug edukacyjnych \u015bwiadczonych przez instytucje edukacyjne dla dzieci, m\u0142odzie\u017cy i doros\u0142ych z Rumunii i zagranicy, a tak\u017ce promocja projekt\u00f3w w dziedzinie edukacji, pomocy spo\u0142ecznej, kulturalnej, edukacyjnej, obywatelskiej i odpowiedzialno\u015bci spo\u0142ecznej.<\/p>\n<p>RLA oferuje programy szkoleniowe dla nauczycieli i dyrektor\u00f3w szk\u00f3\u0142, kt\u00f3re maj\u0105 na celu pom\u00f3c szko\u0142om sta\u0107 si\u0119 lepszymi miejscami nauki dla uczni\u00f3w. RLA wsp\u00f3\u0142pracuje z wieloma innymi organizacjami publicznymi i prywatnymi, aby rozwija\u0107 umiej\u0119tno\u015bci funkcjonalne i cyfrowe uczni\u00f3w.<\/p>\n<p>Strona internetowa: <a href=\"https:\/\/www.arlromania.ro\/\" target=\"_blank\" rel=\"noopener noreferrer\">https:\/\/www.arlromania.ro\/<\/a><\/p>\n<hr \/>\n<h2><img decoding=\"async\" class=\"size-medium wp-image-63 aligncenter\" src=\"https:\/\/ingame.erasmus.site\/wp-content\/uploads\/2020\/07\/act_burgundy_logo-300x225.jpg\" alt=\"\" width=\"300\" height=\"225\" srcset=\"https:\/\/ingame.erasmus.site\/wp-content\/uploads\/2020\/07\/act_burgundy_logo-300x225.jpg 300w, https:\/\/ingame.erasmus.site\/wp-content\/uploads\/2020\/07\/act_burgundy_logo-768x576.jpg 768w, https:\/\/ingame.erasmus.site\/wp-content\/uploads\/2020\/07\/act_burgundy_logo.jpg 1024w\" sizes=\"(max-width: 300px) 100vw, 300px\" \/><\/h2>\n<h2 style=\"text-align: center;\">Educational Association Anatolia (Grecja)<\/h2>\n<p>Anataolia zosta\u0142a za\u0142o\u017cona w 1886 roku w Merzifon w Turcji. Jest synonimem wysokiej jako\u015bci edukacji. Swoj\u0105 siedzib\u0119 ma w Salonikach, w Grecji od 1923 roku. Anatolia jest zintegrowan\u0105 spo\u0142eczno\u015bci\u0105 edukacyjn\u0105 z trzema oddzia\u0142ami akademickimi: Anatolia Elementary School, Anatolia High School i ACT &#8211; American College of Thessaloniki. Zapewnia \u015bcis\u0142e, wysokiej jako\u015bci programy nauczania i programy pozalekcyjne w zr\u00f3\u017cnicowanym kulturowo \u015brodowisku edukacyjnym. Jego solidna i trwa\u0142a infrastruktura obejmuje dwie biblioteki, z kt\u00f3rych jedna, Biblioteka Bissell, jest jedn\u0105 z najwi\u0119kszych bibliotek angloj\u0119zycznych w Grecji. Centra Technologiczne i laboratoria informatyczne szko\u0142y sprawiaj\u0105, \u017ce najnowocze\u015bniejsze urz\u0105dzenia informatyczne s\u0105 \u0142atwo dost\u0119pne dla naukowc\u00f3w.<\/p>\n<p>Strona internetowa: <a href=\"https:\/\/www.act.edu\/\" target=\"_blank\" rel=\"noopener noreferrer\">https:\/\/www.act.edu\/<\/a><\/p>\n<hr \/>\n<p><a name=\"univ\"><\/a><\/p>\n<h2><img loading=\"lazy\" decoding=\"async\" class=\"size-medium wp-image-60 aligncenter\" src=\"https:\/\/ingame.erasmus.site\/wp-content\/uploads\/2020\/07\/KTU-logo-ilgas-EN-300x156.jpg\" alt=\"\" width=\"300\" height=\"156\" srcset=\"https:\/\/ingame.erasmus.site\/wp-content\/uploads\/2020\/07\/KTU-logo-ilgas-EN-300x156.jpg 300w, https:\/\/ingame.erasmus.site\/wp-content\/uploads\/2020\/07\/KTU-logo-ilgas-EN-1024x531.jpg 1024w, https:\/\/ingame.erasmus.site\/wp-content\/uploads\/2020\/07\/KTU-logo-ilgas-EN-768x398.jpg 768w, https:\/\/ingame.erasmus.site\/wp-content\/uploads\/2020\/07\/KTU-logo-ilgas-EN.jpg 1304w\" sizes=\"(max-width: 300px) 100vw, 300px\" \/><\/h2>\n<h2 style=\"text-align: center;\">Kaunas University of Technology (Litwa)<\/h2>\n<p>Wydzia\u0142 Informatyki Kowie\u0144skiego Uniwersytetu Technologicznego (Litwa) jest pierwszym i jednym z najwi\u0119kszych o\u015brodk\u00f3w badawczych i edukacyjnych na Litwie oferuj\u0105cych studia w dziedzinie technologii informacyjnych, gdzie co roku ponad 2000 student\u00f3w uczy si\u0119 pod kierunkiem oko\u0142o 200 nauczycieli. Co roku do grona wyk\u0142adowc\u00f3w do\u0142\u0105cza coraz wi\u0119cej profesjonalist\u00f3w &#8211; przedstawiciele czo\u0142owych litewskich i mi\u0119dzynarodowych organizacji i instytucji przyczyniaj\u0105 si\u0119 do kszta\u0142cenia poszukiwanych m\u0142odych informatyk\u00f3w. Jeste\u015bmy dumni nie tylko z naszych student\u00f3w, kt\u00f3rych liczba ro\u015bnie najszybciej na Litwie, a ich osi\u0105gni\u0119cia i umiej\u0119tno\u015bci s\u0105 chwalone przez pracodawc\u00f3w na ca\u0142ym \u015bwiecie, ale tak\u017ce z naszych naukowc\u00f3w i badaczy, kt\u00f3rzy aktywnie anga\u017cuj\u0105 si\u0119 w prowadzenie interdyscyplinarnych projekt\u00f3w badawczych wraz z biznesem, przemys\u0142em i instytucjami pa\u0144stwowymi.<\/p>\n<p>Strona internetowa: <a href=\"https:\/\/en.ktu.edu\/\" target=\"_blank\" rel=\"noopener noreferrer\">https:\/\/en.ktu.edu\/<\/a><\/p>\n<hr \/>\n<h2><img loading=\"lazy\" decoding=\"async\" class=\"size-medium wp-image-61 aligncenter\" src=\"https:\/\/ingame.erasmus.site\/wp-content\/uploads\/2020\/07\/zbv-300x177.png\" alt=\"\" width=\"300\" height=\"177\" srcset=\"https:\/\/ingame.erasmus.site\/wp-content\/uploads\/2020\/07\/zbv-300x177.png 300w, https:\/\/ingame.erasmus.site\/wp-content\/uploads\/2020\/07\/zbv.png 690w\" sizes=\"(max-width: 300px) 100vw, 300px\" \/><\/h2>\n<h2 style=\"text-align: center;\">ZB&amp;V (Holandia)<\/h2>\n<p>ZB&amp;V pomaga klientom w badaniu i opracowywaniu podej\u015b\u0107 narracyjnych, kt\u00f3re mog\u0105 by\u0107 szeroko stosowane w edukacji, opiece spo\u0142ecznej i przyw\u00f3dztwie. Opracowujemy szkolenia i warsztaty, a tak\u017ce jeste\u015bmy wyk\u0142adowcami w zakresie podej\u015b\u0107 narracyjnych i opowiadania stosowanego. Podej\u015bcia narracyjne i sztuka opowiadania mog\u0105 by\u0107 pomocne w wielu kontekstach: transferu wiedzy, wymiany opowie\u015bci, analizy historii, nadawania znacze\u0144 i sensu, rozwoju alternatywnych historii, relacji z samym sob\u0105 i innymi. Mo\u017ce r\u00f3wnie\u017c wzmocni\u0107 odporno\u015b\u0107 jednostek i spo\u0142eczno\u015bci, a tak\u017ce pom\u00f3c w radzeniu sobie ze zmianami, tworzeniu plan\u00f3w i dzia\u0142aniu zgodnie z nimi. ZB&amp;V jest r\u00f3wnie\u017c partnerem w ramach projekt\u00f3w europejskich (Erasmus+).<\/p>\n<p>Strona internetowa: <a href=\"https:\/\/zbvresearch.nl\/index.html\" target=\"_blank\" rel=\"noopener noreferrer\">https:\/\/zbvresearch.nl\/index.html<\/a><\/p>\n<hr \/>\n<h2><img loading=\"lazy\" decoding=\"async\" class=\"size-medium wp-image-64 aligncenter\" src=\"https:\/\/ingame.erasmus.site\/wp-content\/uploads\/2020\/07\/CSI_logo_HighRes_NoBackground-300x102.png\" alt=\"\" width=\"300\" height=\"102\" srcset=\"https:\/\/ingame.erasmus.site\/wp-content\/uploads\/2020\/07\/CSI_logo_HighRes_NoBackground-300x102.png 300w, https:\/\/ingame.erasmus.site\/wp-content\/uploads\/2020\/07\/CSI_logo_HighRes_NoBackground-1024x350.png 1024w, https:\/\/ingame.erasmus.site\/wp-content\/uploads\/2020\/07\/CSI_logo_HighRes_NoBackground-768x262.png 768w, https:\/\/ingame.erasmus.site\/wp-content\/uploads\/2020\/07\/CSI_logo_HighRes_NoBackground-1536x525.png 1536w, https:\/\/ingame.erasmus.site\/wp-content\/uploads\/2020\/07\/CSI_logo_HighRes_NoBackground-2048x700.png 2048w\" sizes=\"(max-width: 300px) 100vw, 300px\" \/><\/h2>\n<h2 style=\"text-align: center;\">Center for Social Innovation (Cypr)<\/h2>\n<p>Centrum Innowacji Spo\u0142ecznych (CSI) jest mi\u0119dzynarodow\u0105 organizacj\u0105 badawczo-rozwojow\u0105, kt\u00f3ra koncentruje si\u0119 na wspieraniu innowacji spo\u0142ecznych, kt\u00f3re mog\u0105 przynie\u015b\u0107 pozytywn\u0105 zmian\u0119 w lokalnych, krajowych, regionalnych i globalnych wyzwaniach. Zesp\u00f3\u0142 CSI sk\u0142ada si\u0119 z otwartych umys\u0142\u00f3w, w pe\u0142ni wyposa\u017conych badaczy spo\u0142ecznych, przedsi\u0119biorc\u00f3w, kierownik\u00f3w projekt\u00f3w, trener\u00f3w i programist\u00f3w technologii informacyjnych. Centrum Innowacji Spo\u0142ecznej pracuje wok\u00f3\u0142 systemowych problem\u00f3w spo\u0142ecznych, kt\u00f3re wp\u0142ywaj\u0105 na spos\u00f3b, w jaki si\u0119 uczymy, pracujemy, \u017cyjemy i traktujemy ludzi wok\u00f3\u0142 nas. Naszym celem jest ci\u0105g\u0142e rozwijanie szerokiego zrozumienia, co jest przyczyn\u0105 tych problem\u00f3w, opracowywanie rozwi\u0105za\u0144, kt\u00f3re s\u0105 spo\u0142ecznie podnosz\u0105ce i energetyzuj\u0105ce, i podtrzymywanie tych rozwi\u0105za\u0144 poprzez prze\u0142omowe procesy, kt\u00f3re uwzgl\u0119dniaj\u0105 d\u0142ugoterminowy zr\u00f3wnowa\u017cony rozw\u00f3j. Naszym strategicznym celem jest, aby wszystkie projekty, w kt\u00f3re jeste\u015bmy zaanga\u017cowani, by\u0142y ze sob\u0105 powi\u0105zane i mia\u0142y pozytywny wp\u0142yw na lokalny, regionalny i globalny ekosystem.<\/p>\n<p>Strona internetowa: <a href=\"http:\/\/csicy.com\" target=\"_blank\" rel=\"noopener noreferrer\">http:\/\/csicy.com<\/a><\/p>\n<hr \/>\n<h2><img loading=\"lazy\" decoding=\"async\" class=\"size-full wp-image-57 aligncenter\" src=\"https:\/\/ingame.erasmus.site\/wp-content\/uploads\/2020\/07\/Logo-Oxfam-Italia.png\" alt=\"\" width=\"206\" height=\"82\" \/><\/h2>\n<h2 style=\"text-align: center;\">OXFAM Italia (W\u0142ochy)<\/h2>\n<p>Oxfam Italia jest w\u0142osk\u0105 organizacj\u0105 pozarz\u0105dow\u0105 dzia\u0142aj\u0105c\u0105 na rzecz rozwoju, stowarzyszeniem non-profit, pe\u0142noprawnym cz\u0142onkiem Mi\u0119dzynarodowej Konfederacji Oxfam, kt\u00f3ra zrzesza 20 organizacji po\u0142\u0105czonych w sie\u0107 w ponad 90 krajach, jako cz\u0119\u015b\u0107 globalnego ruchu na rzecz zmian, w celu budowania przysz\u0142o\u015bci wolnej od niesprawiedliwo\u015bci ub\u00f3stwa. G\u0142\u00f3wne obszary interwencji Oxfam Italia to: Wsp\u00f3\u0142praca rozwojowa i pomoc humanitarna; Kampanie i edukacja na rzecz aktywnego obywatelstwa; Projekty w zakresie rozwoju lokalnego, przyjmowania migrant\u00f3w, wykluczenia spo\u0142ecznego i integracji migrant\u00f3w. W oparciu o badania i analizy oraz rzeczywiste do\u015bwiadczenia lokalnych partner\u00f3w w krajach rozwijaj\u0105cych si\u0119, Oxfam Italia, we wsp\u00f3\u0142pracy z pozosta\u0142ymi oddzia\u0142ami Oxfam, prowadzi kampanie i dzia\u0142ania rzecznicze w celu podniesienia \u015bwiadomo\u015bci spo\u0142ecznej na temat przyczyn ub\u00f3stwa, zach\u0119cenia zwyk\u0142ych ludzi do podj\u0119cia dzia\u0142a\u0144 na rzecz bardziej sprawiedliwego \u015bwiata oraz wywarcia presji na decydentach, aby zmienili polityk\u0119 i praktyki, kt\u00f3re wzmacniaj\u0105 ub\u00f3stwo i niesprawiedliwo\u015b\u0107.<\/p>\n<p>Strona internetowa: <a href=\"https:\/\/www.oxfam.org\" target=\"_blank\" rel=\"noopener noreferrer\">https:\/\/www.oxfam.org<\/a><\/p>\n<hr \/>\n<h2><img loading=\"lazy\" decoding=\"async\" class=\" wp-image-1523 aligncenter\" src=\"https:\/\/ingame.erasmus.site\/wp-content\/uploads\/2020\/10\/51080312_1196371773859207_6149029700439113728_n-300x300.png\" alt=\"\" width=\"209\" height=\"209\" srcset=\"https:\/\/ingame.erasmus.site\/wp-content\/uploads\/2020\/10\/51080312_1196371773859207_6149029700439113728_n-300x300.png 300w, https:\/\/ingame.erasmus.site\/wp-content\/uploads\/2020\/10\/51080312_1196371773859207_6149029700439113728_n-150x150.png 150w, https:\/\/ingame.erasmus.site\/wp-content\/uploads\/2020\/10\/51080312_1196371773859207_6149029700439113728_n-768x768.png 768w, https:\/\/ingame.erasmus.site\/wp-content\/uploads\/2020\/10\/51080312_1196371773859207_6149029700439113728_n-24x24.png 24w, https:\/\/ingame.erasmus.site\/wp-content\/uploads\/2020\/10\/51080312_1196371773859207_6149029700439113728_n-36x36.png 36w, https:\/\/ingame.erasmus.site\/wp-content\/uploads\/2020\/10\/51080312_1196371773859207_6149029700439113728_n-48x48.png 48w, https:\/\/ingame.erasmus.site\/wp-content\/uploads\/2020\/10\/51080312_1196371773859207_6149029700439113728_n.png 801w\" sizes=\"(max-width: 209px) 100vw, 209px\" \/><\/h2>\n<h2 style=\"text-align: center;\">Symplexis (Grecja)<\/h2>\n<p>Symplexis jest greck\u0105 organizacj\u0105 non-profit, kt\u00f3ra d\u0105\u017cy do zapewnienia r\u00f3wnych szans dla wszystkich poprzez dzia\u0142ania i \u015brodki, kt\u00f3re buduj\u0105 umiej\u0119tno\u015bci, wzmacniaj\u0105 i promuj\u0105 aktywne zaanga\u017cowanie i uczestnictwo, koncentruj\u0105c si\u0119 na najbardziej wra\u017cliwych kategoriach ludzkich, a zw\u0142aszcza tych z mniejszymi szansami. Misj\u0105 Symplexis jest podnoszenie sp\u00f3jno\u015bci spo\u0142ecznej poprzez zintegrowane dzia\u0142ania i dzia\u0142ania oparte na projektach, kt\u00f3re maj\u0105 na celu promowanie w\u0142\u0105czenia grup defaworyzowanych, zagro\u017conych marginalizacj\u0105 i wykluczeniem, jednocze\u015bnie promuj\u0105c i chroni\u0105c prawa r\u00f3\u017cnych typ\u00f3w grup spo\u0142ecznych, kt\u00f3re spotykaj\u0105 si\u0119 z dyskryminacj\u0105, koncentruj\u0105c si\u0119 na wzmocnieniu i wsparciu ofiar, podnoszeniu \u015bwiadomo\u015bci i wymianie informacji na wszystkich poziomach.<\/p>\n<p>&nbsp;<\/p>\n<p>Dzia\u0142alno\u015b\u0107 Symplexis opiera si\u0119 na podej\u015bciu zorientowanym na u\u017cytkownika i interwencjach wok\u00f3\u0142 czterech g\u0142\u00f3wnych osi wiedzy, a mianowicie:<\/p>\n<p>&#8211; Integracja spo\u0142eczna i ekonomiczna os\u00f3b najbardziej potrzebuj\u0105cych obejmuj\u0105ca szeroki wachlarz dzia\u0142a\u0144 maj\u0105cych na celu zmniejszenie ub\u00f3stwa, zapobieganie marginalizacji i promowanie trwa\u0142ej integracji grup defaworyzowanych, szczeg\u00f3lnie skupiaj\u0105c si\u0119 na obywatelach pa\u0144stw trzecich.<\/p>\n<p>&#8211; Ochrona i propagowanie praw cz\u0142owieka poprzez dzia\u0142ania i interwencje ukierunkowane na potrzeby wielu dyskryminowanych grup spo\u0142ecznych, takich jak kobiety, dzieci i osoby starsze, ofiary przemocy i handlu lud\u017ami, spo\u0142eczno\u015b\u0107 LGBTQI, Romowie i ma\u0142oletni bez opieki, migranci oraz osoby ubiegaj\u0105ce si\u0119 o azyl\/uchod\u017acy.<\/p>\n<p>&#8211; Podnoszenie kwalifikacji, budowanie potencja\u0142u s\u0142abszych grup spo\u0142ecznych w celu promowania r\u00f3wnego dost\u0119pu do edukacji formalnej i pozaformalnej dla wszystkich oraz promowania uczenia si\u0119 przez ca\u0142e \u017cycie, koncentruj\u0105c si\u0119 na osobach o niskich kwalifikacjach, kt\u00f3re napotykaj\u0105 trudno\u015bci na (ponownym) rynku pracy.<\/p>\n<p>&#8211; Rozw\u00f3j dzieci i m\u0142odzie\u017cy poprzez dzia\u0142ania i projekty maj\u0105ce na celu zmniejszenie ub\u00f3stwa w\u015br\u00f3d m\u0142odzie\u017cy, promowanie ochrony dzieci oraz stymulowanie w\u0142\u0105czenia spo\u0142ecznego i rozwoju.<\/p>\n<p>Strona internetowa: <a href=\"https:\/\/symplexis.eu\" target=\"_blank\" rel=\"noopener noreferrer\">https:\/\/symplexis.eu<\/a><\/p>\n<hr \/>\n<p><img loading=\"lazy\" decoding=\"async\" class=\"size-medium wp-image-58 aligncenter\" src=\"https:\/\/ingame.erasmus.site\/wp-content\/uploads\/2020\/07\/logo-DANMAR-pion-z-haslem-300x240.jpg\" alt=\"\" width=\"300\" height=\"240\" srcset=\"https:\/\/ingame.erasmus.site\/wp-content\/uploads\/2020\/07\/logo-DANMAR-pion-z-haslem-300x240.jpg 300w, https:\/\/ingame.erasmus.site\/wp-content\/uploads\/2020\/07\/logo-DANMAR-pion-z-haslem-768x613.jpg 768w, https:\/\/ingame.erasmus.site\/wp-content\/uploads\/2020\/07\/logo-DANMAR-pion-z-haslem.jpg 983w\" sizes=\"(max-width: 300px) 100vw, 300px\" \/><\/p>\n<h2 style=\"text-align: center;\">Danmar Computers Sp. z o.o. (Polska)<\/h2>\n<p>Danmar Computers LLC jest prywatn\u0105 firm\u0105 dzia\u0142aj\u0105c\u0105 w dziedzinie technologii informacyjnych i zapewniaj\u0105c\u0105 szkolenia zawodowe w tej dziedzinie. Danmar posiada bogate do\u015bwiadczenie w tworzeniu nowoczesnych aplikacji internetowych i mobilnych, kt\u00f3re s\u0105 wykorzystywane do cel\u00f3w edukacyjnych. Danmar posiada r\u00f3wnie\u017c wieloletnie do\u015bwiadczenie w realizacji projekt\u00f3w europejskich, w ramach kt\u00f3rych pracownicy dzia\u0142u R&amp;D firmy prowadz\u0105 badania i przygotowuj\u0105 szkolenia dostosowane do potrzeb r\u00f3\u017cnych odbiorc\u00f3w. W ci\u0105gu 18 lat Danmar zrealizowa\u0142 z sukcesem ponad 100 projekt\u00f3w w ramach program\u00f3w Grundtvig, Leonardo da Vinci, Progress oraz \u00a0Erasmus+.<\/p>\n<p>W wielu z tych projekt\u00f3w Danmar by\u0142 odpowiedzialny za projektowanie i koordynacj\u0119 strategii upowszechniania. Danmar Computers jest tw\u00f3rc\u0105 i dostawc\u0105 AdminProject (adminproject.eu), systemu on-line do zarz\u0105dzania projektami europejskimi. Wszystkie dzia\u0142ania firmy oparte s\u0105 na szerokiej i dobrze rozwini\u0119tej sieci wsp\u00f3\u0142pracy, zar\u00f3wno na poziomie krajowym jak i mi\u0119dzynarodowym. Do sieci krajowych nale\u017c\u0105 instytucje szkoleniowe i doradcze, uniwersytety, szko\u0142y, organizacje pozarz\u0105dowe oraz firmy sektora prywatnego. Sie\u0107 mi\u0119dzynarodowa obejmuje partner\u00f3w o r\u00f3\u017cnym profilu, pochodz\u0105cych z ka\u017cdego kraju Unii Europejskiej. Misj\u0105 Danmar Computer jest promocja edukacji przez ca\u0142e \u017cycie oraz zapewnienie r\u00f3wnego dost\u0119pu do edukacji dla wszystkich z wykorzystaniem nowoczesnych technologii.<\/p>\n<p>Strona internetowa: <a href=\"https:\/\/danmar-computers.com.pl\/en\" target=\"_blank\" rel=\"noopener noreferrer\">https:\/\/danmar-computers.com.pl\/en<\/a><\/p>","protected":false},"excerpt":{"rendered":"<p>Koordynator \u2013 Universidad de Salamanca (Hiszpania) Universidad de Salamanca (USAL) zosta\u0142 za\u0142o\u017cony w 1218 roku i jest jednym z najstarszych uniwersytet\u00f3w w Europie. Jest postrzegany jako nowoczesny uniwersytet, otwarty na &#8230;<\/p>\n","protected":false},"author":1,"featured_media":0,"parent":0,"menu_order":0,"comment_status":"closed","ping_status":"closed","template":"template-fullwidth.php","meta":{"_acf_changed":false,"footnotes":""},"class_list":["post-56","page","type-page","status-publish","hentry"],"acf":[],"_links":{"self":[{"href":"https:\/\/ingame.erasmus.site\/pl\/wp-json\/wp\/v2\/pages\/56","targetHints":{"allow":["GET"]}}],"collection":[{"href":"https:\/\/ingame.erasmus.site\/pl\/wp-json\/wp\/v2\/pages"}],"about":[{"href":"https:\/\/ingame.erasmus.site\/pl\/wp-json\/wp\/v2\/types\/page"}],"author":[{"embeddable":true,"href":"https:\/\/ingame.erasmus.site\/pl\/wp-json\/wp\/v2\/users\/1"}],"replies":[{"embeddable":true,"href":"https:\/\/ingame.erasmus.site\/pl\/wp-json\/wp\/v2\/comments?post=56"}],"version-history":[{"count":20,"href":"https:\/\/ingame.erasmus.site\/pl\/wp-json\/wp\/v2\/pages\/56\/revisions"}],"predecessor-version":[{"id":2182,"href":"https:\/\/ingame.erasmus.site\/pl\/wp-json\/wp\/v2\/pages\/56\/revisions\/2182"}],"wp:attachment":[{"href":"https:\/\/ingame.erasmus.site\/pl\/wp-json\/wp\/v2\/media?parent=56"}],"curies":[{"name":"wp","href":"https:\/\/api.w.org\/{rel}","templated":true}]}}