{"id":56,"date":"2020-07-26T11:46:37","date_gmt":"2020-07-26T11:46:37","guid":{"rendered":"https:\/\/ingame.erasmus.site\/?page_id=56"},"modified":"2023-04-17T10:58:58","modified_gmt":"2023-04-17T08:58:58","slug":"partners","status":"publish","type":"page","link":"https:\/\/ingame.erasmus.site\/lt\/partners\/","title":{"rendered":"Partneriai"},"content":{"rendered":"<p><\/p>\n<h2><img fetchpriority=\"high\" decoding=\"async\" class=\"size-medium wp-image-65 aligncenter\" src=\"https:\/\/ingame.erasmus.site\/wp-content\/uploads\/2020\/07\/grial_negro-300x300.png\" alt=\"\" width=\"300\" height=\"300\" srcset=\"https:\/\/ingame.erasmus.site\/wp-content\/uploads\/2020\/07\/grial_negro-300x300.png 300w, https:\/\/ingame.erasmus.site\/wp-content\/uploads\/2020\/07\/grial_negro-1024x1024.png 1024w, https:\/\/ingame.erasmus.site\/wp-content\/uploads\/2020\/07\/grial_negro-150x150.png 150w, https:\/\/ingame.erasmus.site\/wp-content\/uploads\/2020\/07\/grial_negro-768x768.png 768w, https:\/\/ingame.erasmus.site\/wp-content\/uploads\/2020\/07\/grial_negro-1536x1536.png 1536w, https:\/\/ingame.erasmus.site\/wp-content\/uploads\/2020\/07\/grial_negro.png 1915w\" sizes=\"(max-width: 300px) 100vw, 300px\" \/><\/h2>\n<h2 style=\"text-align: center;\">Koordinatorius &#8211; Universidad de Salamanca (Ispanija)<\/h2>\n<p>Salamankos universitetas (USAL), \u012fkurtas 1218 m., yra vienas seniausi\u0173 universitet\u0173 Europoje. \u0160iandien jis yra modernus Europos universitetas, atviras prakti\u0161kai vis\u0173 mokymo \u0161ak\u0173 kult\u016brai. Didel\u0117 tarptautinio bendradarbiavimo patirt\u012f parodo 300 bendradarbiavimo sutar\u010di\u0173 visame pasaulyje. Taip pat universiteto mokslinkai aktyviai dalyvauja Europos projektuose. Nuo 2009 m. Ispanijos vyriausyb\u0117 Salamankos universitet\u0105 pripa\u017eino tarptautinio meistri\u0161kumo miesteliu, d\u0117l auk\u0161tos mokymo, tiriamosios veiklos ir akademinio gyvenimo kokyb\u0117s.<\/p>\n<p>\u0160iame projekte USAL dalyvauja per \u201eInterAction and eLearning\u201c tyrim\u0173 grup\u0119 (GRIAL). Kuri oficialiai veikia nuo 2006 m. J\u0105 Kastilijos ir Leono regiono vyriausyb\u0117 (GR-47) apdovanojo kaip kompetencijos grup\u0119. Nuo 2016 m. liepos m\u0117n. \u0160i grup\u0117 yra konsoliduotas tyrim\u0173 padalinys (UIC 081).<\/p>\n<p>Svetain\u0117: <a href=\"https:\/\/grial.usal.es\" target=\"_blank\" rel=\"noopener noreferrer\">https:\/\/grial.usal.es<\/a><\/p>\n<hr \/>\n<h2><img decoding=\"async\" class=\"size-medium wp-image-59 aligncenter\" src=\"https:\/\/ingame.erasmus.site\/wp-content\/uploads\/2020\/07\/ARL_logoRGB-300x70.png\" alt=\"\" width=\"300\" height=\"70\" srcset=\"https:\/\/ingame.erasmus.site\/wp-content\/uploads\/2020\/07\/ARL_logoRGB-300x70.png 300w, https:\/\/ingame.erasmus.site\/wp-content\/uploads\/2020\/07\/ARL_logoRGB-1024x238.png 1024w, https:\/\/ingame.erasmus.site\/wp-content\/uploads\/2020\/07\/ARL_logoRGB-768x179.png 768w, https:\/\/ingame.erasmus.site\/wp-content\/uploads\/2020\/07\/ARL_logoRGB-1536x357.png 1536w, https:\/\/ingame.erasmus.site\/wp-content\/uploads\/2020\/07\/ARL_logoRGB.png 1750w\" sizes=\"(max-width: 300px) 100vw, 300px\" \/><\/h2>\n<h2 style=\"text-align: center;\">Rumunijos ra\u0161tingumo asociacija (Rumunija)<\/h2>\n<p>Rumunijos ra\u0161tingumo asociacija \u012fkurta 2013 m. gruod\u017eio m\u0117n.<\/p>\n<p>Pagrindinis asociacijos tikslas yra pl\u0117toti, skatinti ir remti \u0161vietimo programas ir projektus. Jie padeda tobulinti ir pl\u0117toti \u0161vietimo \u012fstaig\u0173 teikiamas paslaugas vaikams, jaunimui ir suaugusiems \u017emon\u0117ms. Taip pat projektai susij\u0119 su \u0161vietimo, socialin\u0117s, kult\u016brin\u0117s, \u0161vietimo, pilietin\u0117s pagalbos ir socialin\u0117s atsakomyb\u0117s sritimis.<\/p>\n<p>Rumunijos ra\u0161tingumo asociacija<em> si\u016blo mokymo programas mokytojams, kuri\u0173 tikslas &#8211; pad\u0117ti mokykloms teikti kokybi\u0161kesn\u012f mokym\u0105si. Asociacija bendradarbiauja su daugeliu kit\u0173 valstybini\u0173 ir priva\u010di\u0173 organizacij\u0173 ir siekia ugdyti student\u0173 funkcinius ir skaitmeninio ra\u0161tingumo \u012fg\u016bd\u017eius<\/em>.<\/p>\n<p>&nbsp;<\/p>\n<p>Svetain\u0117: <a href=\"https:\/\/www.arlromania.ro\/\" target=\"_blank\" rel=\"noopener noreferrer\">https:\/\/www.arlromania.ro\/<\/a><\/p>\n<hr \/>\n<h2><img decoding=\"async\" class=\"size-medium wp-image-63 aligncenter\" src=\"https:\/\/ingame.erasmus.site\/wp-content\/uploads\/2020\/07\/act_burgundy_logo-300x225.jpg\" alt=\"\" width=\"300\" height=\"225\" srcset=\"https:\/\/ingame.erasmus.site\/wp-content\/uploads\/2020\/07\/act_burgundy_logo-300x225.jpg 300w, https:\/\/ingame.erasmus.site\/wp-content\/uploads\/2020\/07\/act_burgundy_logo-768x576.jpg 768w, https:\/\/ingame.erasmus.site\/wp-content\/uploads\/2020\/07\/act_burgundy_logo.jpg 1024w\" sizes=\"(max-width: 300px) 100vw, 300px\" \/><\/h2>\n<h2 style=\"text-align: center;\">\u0160vietimo asociacija \u201eAnatolia\u201c (Graikija)<\/h2>\n<p>\u0160vietimo asociacija \u201eAnatolia\u201c (Graikija) \u012fkurta 1923 m. Salonikuose. Anatolija yra integruota \u0161vietimo bendruomen\u0117, turinti tris akademinius padalinius: Anatolijos pagrindin\u0119 mokykl\u0105, Anatolijos vidurin\u0119 mokykl\u0105 ir ACT &#8211; Amerikos Salonik\u0173 kolegij\u0105. Ji teikia auk\u0161tos kokyb\u0117s mokymo programas ir popamokines veiklas kult\u016bri\u0161kai \u012fvairiose \u0161vietimo aplinkose. Infrastrukt\u016br\u0105 sudaro dvi bibliotekos, viena i\u0161 j\u0173, Bissell biblioteka, yra viena did\u017eiausi\u0173 angl\u0173 kalbos bibliotek\u0173 Graikijoje. Tyr\u0117jai turi galimyb\u0119 lengvai pasiekti Technologij\u0173 centrus.<\/p>\n<p>Svetain\u0117: <a href=\"https:\/\/www.act.edu\/\" target=\"_blank\" rel=\"noopener noreferrer\">https:\/\/www.act.edu\/<\/a><\/p>\n<hr \/>\n<p><a name=\"univ\"><\/a><\/p>\n<h2><img loading=\"lazy\" decoding=\"async\" class=\"size-medium wp-image-60 aligncenter\" src=\"https:\/\/ingame.erasmus.site\/wp-content\/uploads\/2020\/07\/KTU-logo-ilgas-EN-300x156.jpg\" alt=\"\" width=\"300\" height=\"156\" srcset=\"https:\/\/ingame.erasmus.site\/wp-content\/uploads\/2020\/07\/KTU-logo-ilgas-EN-300x156.jpg 300w, https:\/\/ingame.erasmus.site\/wp-content\/uploads\/2020\/07\/KTU-logo-ilgas-EN-1024x531.jpg 1024w, https:\/\/ingame.erasmus.site\/wp-content\/uploads\/2020\/07\/KTU-logo-ilgas-EN-768x398.jpg 768w, https:\/\/ingame.erasmus.site\/wp-content\/uploads\/2020\/07\/KTU-logo-ilgas-EN.jpg 1304w\" sizes=\"(max-width: 300px) 100vw, 300px\" \/><\/h2>\n<h2 style=\"text-align: center;\">Kauno technologijos universitetas (Lietuva)<\/h2>\n<p>Kauno technologijos universiteto (Lietuva) Informatikos fakultetas yra pirmasis ir vienas did\u017eiausi\u0173 mokslini\u0173 tyrim\u0173 ir \u0161vietimo centr\u0173 Lietuvoje. Jis si\u016blo studijas informacini\u0173 technologij\u0173 srityje, kur mokosi daugiau nei 2000 student\u0173, kuriems paskaitas d\u0117sto apie 200 d\u0117stytoj\u0173. Specialist\u0173, prisijungian\u010di\u0173 prie d\u0117stytoj\u0173 grup\u0117s, skai\u010dius kasmet did\u0117ja. Pirmaujantys Lietuvos ir tarptautini\u0173 organizacij\u0173 bei institucij\u0173 atstovai prisideda prie jaun\u0173 IT specialist\u0173 rengimo. Mes did\u017eiuojam\u0117s ne tik savo studentais, kuri\u0173 skai\u010dius Lietuvoje auga spar\u010diausiai ir kuri\u0173 pasiekimus bei \u012fg\u016bd\u017eius giria darbdaviai visame pasaulyje, bet ir m\u016bs\u0173 mokslininkais bei tyr\u0117jais, kurie aktyviai dalyvauja vykdant tarpdisciplininius tyrim\u0173 projektus kartu su verslu, pramone ir valstybin\u0117mis institucijos.<\/p>\n<p>Svetain\u0117: <a href=\"https:\/\/en.ktu.edu\/\" target=\"_blank\" rel=\"noopener noreferrer\">https:\/\/en.ktu.edu\/<\/a><\/p>\n<hr \/>\n<h2><img loading=\"lazy\" decoding=\"async\" class=\"size-medium wp-image-61 aligncenter\" src=\"https:\/\/ingame.erasmus.site\/wp-content\/uploads\/2020\/07\/zbv-300x177.png\" alt=\"\" width=\"300\" height=\"177\" srcset=\"https:\/\/ingame.erasmus.site\/wp-content\/uploads\/2020\/07\/zbv-300x177.png 300w, https:\/\/ingame.erasmus.site\/wp-content\/uploads\/2020\/07\/zbv.png 690w\" sizes=\"(max-width: 300px) 100vw, 300px\" \/><\/h2>\n<h2 style=\"text-align: center;\">ZB&amp;V (Olandija)<\/h2>\n<p>\u201eZB&amp;V\u201c padeda klientams tirti ir parengti naratyvinius metodus, kurie gali b\u016bti pla\u010diai taikomi \u0161vietimo, socialin\u0117s r\u016bpybos ir lyderyst\u0117s srityse. Mes rengiame mokymus ir seminarus, apie edukacinius sprendimus. Pasakojimo metodai ir taikomieji pasakojimai gali b\u016bti naudingi daugelyje kontekst\u0173: \u017eini\u0173 perdavime, istorij\u0173 apsikeitime ar analiz\u0117je, prasm\u0117s k\u016brime ir kt. Tai taip pat tai gali sustiprinti asmen\u0173 ir bendruomeni\u0173 atsparum\u0105 ir pad\u0117ti \u012fveikti poky\u010dius, kurti planus ir veikti pagal juos. \u201eZB&amp;V\u201c taip pat yra Europos (\u201eErasmus +\u201c) projekt\u0173 partner\u0117.<\/p>\n<p>Svetain\u0117: <a href=\"https:\/\/zbvresearch.nl\/index.html\" target=\"_blank\" rel=\"noopener noreferrer\">https:\/\/zbvresearch.nl\/index.html<\/a><\/p>\n<hr \/>\n<h2><img loading=\"lazy\" decoding=\"async\" class=\"size-medium wp-image-64 aligncenter\" src=\"https:\/\/ingame.erasmus.site\/wp-content\/uploads\/2020\/07\/CSI_logo_HighRes_NoBackground-300x102.png\" alt=\"\" width=\"300\" height=\"102\" srcset=\"https:\/\/ingame.erasmus.site\/wp-content\/uploads\/2020\/07\/CSI_logo_HighRes_NoBackground-300x102.png 300w, https:\/\/ingame.erasmus.site\/wp-content\/uploads\/2020\/07\/CSI_logo_HighRes_NoBackground-1024x350.png 1024w, https:\/\/ingame.erasmus.site\/wp-content\/uploads\/2020\/07\/CSI_logo_HighRes_NoBackground-768x262.png 768w, https:\/\/ingame.erasmus.site\/wp-content\/uploads\/2020\/07\/CSI_logo_HighRes_NoBackground-1536x525.png 1536w, https:\/\/ingame.erasmus.site\/wp-content\/uploads\/2020\/07\/CSI_logo_HighRes_NoBackground-2048x700.png 2048w\" sizes=\"(max-width: 300px) 100vw, 300px\" \/><\/h2>\n<h2 style=\"text-align: center;\">Socialini\u0173 inovacij\u0173 centras (Kipras)<\/h2>\n<p>Socialini\u0173 inovacij\u0173 centras (CSI) yra tarptautin\u0117 mokslini\u0173 tyrim\u0173 ir pl\u0117tros organizacija, kurios tikslas &#8211; skatinti socialines inovacijas, kurios gali teigiamai pakeisti vietos, nacionalinius, regioninius ir pasaulinius i\u0161\u0161\u016bkius. SIC komand\u0105 sudaro tyr\u0117jai, verslininkai, projekt\u0173 vadovai, instruktoriai ir informacini\u0173 technologij\u0173 k\u016br\u0117jai. Socialini\u0173 inovacij\u0173 centras sprend\u017eia sistemines socialines problemas, turin\u010dias \u012ftakos mokymosi, darbo, bendravimo, gyvenimo ir elgesio su mus supan\u010diais \u017emon\u0117mis b\u016bdams. M\u016bs\u0173 tikslas yra nuolat pl\u0117toti plat\u0173 supratim\u0105 apie tai, kas yra \u0161i\u0173 problem\u0173 prie\u017eastis, kurti\u00a0 socialiai\u00a0 veikian\u010dius sprendimus bei palaikyti \u0161iuos sprendimus per trikdan\u010dius procesus, kuriuose atsi\u017evelgiama \u012f ilgalaik\u012f tvarum\u0105. M\u016bs\u0173 strateginis d\u0117mesys yra sutelktas \u012f visus projektus, kuriuose dalyvaujame, norime, jog rezultatai atne\u0161t\u0173 teigiam\u0105 poveik\u012f vietos, region\u0173 ir pasaulin\u0117je ekosistemoje.<\/p>\n<p>Svetain\u0117: <a href=\"http:\/\/csicy.com\" target=\"_blank\" rel=\"noopener noreferrer\">http:\/\/csicy.com<\/a><\/p>\n<hr \/>\n<h2><img loading=\"lazy\" decoding=\"async\" class=\"size-full wp-image-57 aligncenter\" src=\"https:\/\/ingame.erasmus.site\/wp-content\/uploads\/2020\/07\/Logo-Oxfam-Italia.png\" alt=\"\" width=\"206\" height=\"82\" \/><\/h2>\n<h2 style=\"text-align: center;\">\u201eOXFAM Italia\u201c (Italija)<\/h2>\n<p>\u201eOxfam Italia\u201c yra nevyriausybin\u0117 Italijos pl\u0117tros organizacija, ne pelno siekianti asociacija, visateis\u0117 Tarptautin\u0117s konfederacijos \u201eOxfam\u201c nar\u0117. \u0160i konfederacija\u00a0 \u012ftraukusi 20 organizacij\u0173, susib\u016brusi\u0173 \u012f tinklus daugiau nei 90 \u0161ali\u0173, kuri\u0173 bendras tiklas \u2013 kurti ateit\u012f, kurioje n\u0117ra turtin\u0117s nelygyb\u0117s. Pagrindin\u0117s \u201eOxfam Italia\u201c darbo sritys yra \u0161ios: vystomasis bendradarbiavimas ir humanitarin\u0117 pagalba; Aktyvaus pilieti\u0161kumo kampanijos ir \u0161vietimas; Vietos pl\u0117tros, migrant\u0173 pri\u0117mimo, socialin\u0117s atskirties ir migrant\u0173 integracijos projektai. Remdamasi moksliniais tyrimais ir analize bei realia vietos partneri\u0173 besivystan\u010diose \u0161alyse patirtimi, \u201eOxfam Italia\u201c, bendradarbiaudama su visomis kitomis \u201eOxfam\u201c dukterin\u0117mis \u012fmon\u0117mis, vykdo kampanijas ir propagavimo veikl\u0105, kad padidint\u0173 visuomen\u0117s supratim\u0105 apie skurdo prie\u017eastis, padr\u0105sint\u0173 paprastus \u017emones. imtis veiksm\u0173, kad teisingesnio pasaulio ir spaudos sprendimus priimantys asmenys pakeist\u0173 skurd\u0105 ir neteisyb\u0119 stiprinan\u010di\u0105 politik\u0105 ir praktik\u0105.<\/p>\n<p>Svetain\u0117: <a href=\"https:\/\/www.oxfam.org\" target=\"_blank\" rel=\"noopener noreferrer\">https:\/\/www.oxfam.org<\/a><\/p>\n<hr \/>\n<h2><img loading=\"lazy\" decoding=\"async\" class=\" wp-image-1523 aligncenter\" src=\"https:\/\/ingame.erasmus.site\/wp-content\/uploads\/2020\/10\/51080312_1196371773859207_6149029700439113728_n-300x300.png\" alt=\"\" width=\"209\" height=\"209\" srcset=\"https:\/\/ingame.erasmus.site\/wp-content\/uploads\/2020\/10\/51080312_1196371773859207_6149029700439113728_n-300x300.png 300w, https:\/\/ingame.erasmus.site\/wp-content\/uploads\/2020\/10\/51080312_1196371773859207_6149029700439113728_n-150x150.png 150w, https:\/\/ingame.erasmus.site\/wp-content\/uploads\/2020\/10\/51080312_1196371773859207_6149029700439113728_n-768x768.png 768w, https:\/\/ingame.erasmus.site\/wp-content\/uploads\/2020\/10\/51080312_1196371773859207_6149029700439113728_n-24x24.png 24w, https:\/\/ingame.erasmus.site\/wp-content\/uploads\/2020\/10\/51080312_1196371773859207_6149029700439113728_n-36x36.png 36w, https:\/\/ingame.erasmus.site\/wp-content\/uploads\/2020\/10\/51080312_1196371773859207_6149029700439113728_n-48x48.png 48w, https:\/\/ingame.erasmus.site\/wp-content\/uploads\/2020\/10\/51080312_1196371773859207_6149029700439113728_n.png 801w\" sizes=\"(max-width: 209px) 100vw, 209px\" \/><\/h2>\n<h2 style=\"text-align: center;\">Symplexis\u201c (Graikija)<\/h2>\n<p>\u201eSymplexis\u201c yra ne pelno siekianti organizacija Graikijoje. Ji siekia u\u017etikrinti visiems lygias galimybes, taikant veiksmus ir priemones, kurios kuria \u012fg\u016bd\u017eius, suteikia daugiau galimybi\u0173 ir skatina aktyv\u0173 \u012fsitraukim\u0105.\u00a0 Daugiausia d\u0117mesio skirian pa\u017eeid\u017eiamiausioms gyventoj\u0173 grup\u0117ms. \u201eSymplexis\u201c misija yra suma\u017einti socialin\u0119 atskirt\u012f, vykdant integruotus veiksmus ir projektu pagr\u012fst\u0105 veikl\u0105, kuria siekiama skatinti nepalankioje pad\u0117tyje esan\u010di\u0173 grupi\u0173 \u012ftraukim\u0105. Taip pat skiriamas d\u0117mesys pa\u017eeid\u017eiam\u0173 su diskrimanicija susidurian\u010di\u0173 grupi\u0173 teis\u0117ms.<\/p>\n<p>\u201eSymplexis\u201c apibr\u0117\u017etos kompetencijos sritys:<\/p>\n<p>&#8211; Socialin\u0117 ir ekonomin\u0117 pagalba tiems, kuriems labiausiai reikia pagalbos. \u0160i pagalba apima \u012fvairi\u0105 veikl\u0105, pavyzd\u017eiui stengiam\u0105si ma\u017einyi skurd\u0105. Taip pat kritin\u0117se socialin\u0117se grup\u0117se esan\u010di\u0173 \u017emoni\u0173 integracija, Didelis d\u0117mesys skiriamas ir tre\u010di\u0173j\u0173 \u0161ali\u0173 gyventojams.<\/p>\n<p>&#8211; \u017emogaus teisi\u0173 apsauga. I\u0161skiriant \u0161ias da\u017eniausiai su diskriminacija susijusias grupes: moterys, vaikai ir pagyven\u0119 \u017emon\u0117s, smurto ir prekybos \u017emon\u0117mis aukos, LGBTQI bendruomen\u0117s, rom\u0173 ir nelydim\u0173 nepilname\u010di\u0173, poreikius, migrant\u0173 ir prieglobs\u010dio pra\u0161ytoj\u0173 \/ pab\u0117g\u0117li\u0173.<\/p>\n<p>&#8211; Atskirt\u0173 visuomen\u0117s grupi\u0173 geb\u0117jim\u0173 stiprinimas, siekiant skatinti visiems vienodas galimybes gauti oficial\u0173 ir neformal\u0173 \u0161vietim\u0105 ,skatinti mokym\u0105si vis\u0105 gyvenim\u0105. Daugiausia d\u0117mesio skiriant asmenims, turintiems \u017eemos kvalifikacijos \u012fg\u016bd\u017eius, susiduriantiems su sunkumais darbo rinkoje.<\/p>\n<p>&#8211; Vaik\u0173 ir jaunimo vystymas pasitelkiant projektus, skirtus jaunimo skurdui ma\u017einti, vaik\u0173 apsaugai ir socialinei \u012ftrauk\u010diai bei pl\u0117trai skatinti.<\/p>\n<p>Svetain\u0117: <a href=\"https:\/\/symplexis.eu\" target=\"_blank\" rel=\"noopener noreferrer\">https:\/\/symplexis.eu<\/a><\/p>\n<hr \/>\n<p><img loading=\"lazy\" decoding=\"async\" class=\"size-medium wp-image-58 aligncenter\" src=\"https:\/\/ingame.erasmus.site\/wp-content\/uploads\/2020\/07\/logo-DANMAR-pion-z-haslem-300x240.jpg\" alt=\"\" width=\"300\" height=\"240\" srcset=\"https:\/\/ingame.erasmus.site\/wp-content\/uploads\/2020\/07\/logo-DANMAR-pion-z-haslem-300x240.jpg 300w, https:\/\/ingame.erasmus.site\/wp-content\/uploads\/2020\/07\/logo-DANMAR-pion-z-haslem-768x613.jpg 768w, https:\/\/ingame.erasmus.site\/wp-content\/uploads\/2020\/07\/logo-DANMAR-pion-z-haslem.jpg 983w\" sizes=\"(max-width: 300px) 100vw, 300px\" \/><\/p>\n<h2 style=\"text-align: center;\">\u201eDanmar Computers Sp.\u201c z o.o. (Lenkija)<\/h2>\n<p>\u201eDanmar Computers LLC\u201c yra privati \u012fmon\u0117, veikianti informacini\u0173 technologij\u0173 srityje ir teikianti \u0161ios srities profesin\u012f mokym\u0105. \u201eDanmar\u201c turi didel\u0119 patirt\u012f kuriant \u0161iuolaikines \u017einiatinklio ir mobili\u0105sias programas, kurios naudojamos \u0161vietimo tikslais. \u201eDanmar\u201c taip pat turi ilgalaik\u0119 patirt\u012f \u012fgyvendinant europinius projektus, kuri\u0173 metu \u012fmon\u0117s MTTP darbuotojai atlieka tyrimus ir rengia mokymus, pritaikytus \u012fvairi\u0173 besimokan\u010di\u0173j\u0173 poreikiams. Per 18 met\u0173 \u201eDanmar\u201c s\u0117kmingai \u012fgyvendino daugiau nei 100 projekt\u0173 \u201eGrundtvig\u201c, \u201eLeonardo da Vinci\u201c, \u201eProgress\u201c ir neseniai \u201eErasmus +\u201c.<\/p>\n<p>Daugelyje \u0161i\u0173 projekt\u0173 Danmaras buvo atsakingas u\u017e sklaidos strategij\u0173 k\u016brim\u0105 ir koordinavim\u0105. \u201eDanmar Computers\u201c yra \u201eAdminProject\u201c (adminproject.eu), internetin\u0117s Europos projekt\u0173 valdymo sistemos, k\u016br\u0117jas ir teik\u0117jas. Visa \u012fmon\u0117s veikla yra pagr\u012fsta pla\u010diu ir nusistov\u0117jusiu bendradarbiavimo tinklu tiek nacionaliniu, tiek tarptautiniu lygiu. Nacionalinius tinklus sudaro mokymo ir konsultavimo institucijos, universitetai, mokyklos, nevyriausybin\u0117s organizacijos ir privataus sektoriaus \u012fmon\u0117s. Tarptautinis tinklas apima \u012fvairaus profilio partnerius i\u0161 kiekvienos Europos S\u0105jungos \u0161alies. \u201eDanmar Computer\u201c misija yra skatinti mokym\u0105si vis\u0105 gyvenim\u0105 ir u\u017etikrinti vienod\u0105 prieig\u0105 prie \u0161vietimo visiems, naudojant \u0161iuolaikines technologijas.<\/p>\n<p>Svetain\u0117: <a href=\"https:\/\/danmar-computers.com.pl\/en\" target=\"_blank\" rel=\"noopener noreferrer\">https:\/\/danmar-computers.com.pl\/en<\/a><\/p>","protected":false},"excerpt":{"rendered":"<p>Koordinatorius &#8211; Universidad de Salamanca (Ispanija) Salamankos universitetas (USAL), \u012fkurtas 1218 m., yra vienas seniausi\u0173 universitet\u0173 Europoje. \u0160iandien jis yra modernus Europos universitetas, atviras prakti\u0161kai vis\u0173 mokymo \u0161ak\u0173 kult\u016brai. Didel\u0117 &#8230;<\/p>\n","protected":false},"author":1,"featured_media":0,"parent":0,"menu_order":0,"comment_status":"closed","ping_status":"closed","template":"template-fullwidth.php","meta":{"_acf_changed":false,"footnotes":""},"class_list":["post-56","page","type-page","status-publish","hentry"],"acf":[],"_links":{"self":[{"href":"https:\/\/ingame.erasmus.site\/lt\/wp-json\/wp\/v2\/pages\/56","targetHints":{"allow":["GET"]}}],"collection":[{"href":"https:\/\/ingame.erasmus.site\/lt\/wp-json\/wp\/v2\/pages"}],"about":[{"href":"https:\/\/ingame.erasmus.site\/lt\/wp-json\/wp\/v2\/types\/page"}],"author":[{"embeddable":true,"href":"https:\/\/ingame.erasmus.site\/lt\/wp-json\/wp\/v2\/users\/1"}],"replies":[{"embeddable":true,"href":"https:\/\/ingame.erasmus.site\/lt\/wp-json\/wp\/v2\/comments?post=56"}],"version-history":[{"count":20,"href":"https:\/\/ingame.erasmus.site\/lt\/wp-json\/wp\/v2\/pages\/56\/revisions"}],"predecessor-version":[{"id":2182,"href":"https:\/\/ingame.erasmus.site\/lt\/wp-json\/wp\/v2\/pages\/56\/revisions\/2182"}],"wp:attachment":[{"href":"https:\/\/ingame.erasmus.site\/lt\/wp-json\/wp\/v2\/media?parent=56"}],"curies":[{"name":"wp","href":"https:\/\/api.w.org\/{rel}","templated":true}]}}