{"id":56,"date":"2020-07-26T11:46:37","date_gmt":"2020-07-26T11:46:37","guid":{"rendered":"https:\/\/ingame.erasmus.site\/?page_id=56"},"modified":"2023-04-17T10:58:58","modified_gmt":"2023-04-17T08:58:58","slug":"partners","status":"publish","type":"page","link":"https:\/\/ingame.erasmus.site\/it\/partners\/","title":{"rendered":"PARTENARIATO"},"content":{"rendered":"<p><\/p>\n<h2><img fetchpriority=\"high\" decoding=\"async\" class=\"size-medium wp-image-65 aligncenter\" src=\"https:\/\/ingame.erasmus.site\/wp-content\/uploads\/2020\/07\/grial_negro-300x300.png\" alt=\"\" width=\"300\" height=\"300\" srcset=\"https:\/\/ingame.erasmus.site\/wp-content\/uploads\/2020\/07\/grial_negro-300x300.png 300w, https:\/\/ingame.erasmus.site\/wp-content\/uploads\/2020\/07\/grial_negro-1024x1024.png 1024w, https:\/\/ingame.erasmus.site\/wp-content\/uploads\/2020\/07\/grial_negro-150x150.png 150w, https:\/\/ingame.erasmus.site\/wp-content\/uploads\/2020\/07\/grial_negro-768x768.png 768w, https:\/\/ingame.erasmus.site\/wp-content\/uploads\/2020\/07\/grial_negro-1536x1536.png 1536w, https:\/\/ingame.erasmus.site\/wp-content\/uploads\/2020\/07\/grial_negro.png 1915w\" sizes=\"(max-width: 300px) 100vw, 300px\" \/><\/h2>\n<h2 style=\"text-align: center;\">Coordinamento \u2013 Universidad de Salamanca (Spagna)<\/h2>\n<p><strong>L&#8217;Universit\u00e0 di Salamanca (USAL)<\/strong>, fondata nel 1218 e una delle pi\u00f9 antiche in Europa, \u00e8 oggi una moderna universit\u00e0 europea, aperta alla cultura di pressoch\u00e9 tutti i rami dell&#8217;insegnamento. La sua grande esperienza nelle collaborazioni internazionali \u00e8 documentata sia negli accordi di cooperazione in vigore con oltre 300 istituzioni in tutto il mondo, sia nella partecipazione delle\/dei sue\/oi ricercatrici\/tori a diversi progetti internazionali, in particolare nell&#8217;ambito dei programmi europei. Dal 2009, l&#8217;Universit\u00e0 di Salamanca \u00e8 stata riconosciuta come Campus di Eccellenza Internazionale dal Governo spagnolo in considerazione della sua alta qualit\u00e0 ed eccellenza nell&#8217;insegnamento, nella formazione, nelle attivit\u00e0 di ricerca e nella vita accademica.<\/p>\n<p>USAL partecipa a questo progetto mediante il Gruppo di Ricerca in InterAzione e eLearning (GRIAL), gruppo di ricerca ufficialmente riconosciuto dalla USAL dal 2006, premiato come Gruppo di Eccellenza dal Governo Regionale di Castilla y Le\u00f3n (GR-47) dal 2007 al 2016 e come Unit\u00e0 di Ricerca Consolidata dal luglio 2016 (UIC 081).<\/p>\n<p>Sito web: <a href=\"https:\/\/grial.usal.es\" target=\"_blank\" rel=\"noopener noreferrer\">https:\/\/grial.usal.es<\/a><\/p>\n<hr \/>\n<h2><img decoding=\"async\" class=\"size-medium wp-image-59 aligncenter\" src=\"https:\/\/ingame.erasmus.site\/wp-content\/uploads\/2020\/07\/ARL_logoRGB-300x70.png\" alt=\"\" width=\"300\" height=\"70\" srcset=\"https:\/\/ingame.erasmus.site\/wp-content\/uploads\/2020\/07\/ARL_logoRGB-300x70.png 300w, https:\/\/ingame.erasmus.site\/wp-content\/uploads\/2020\/07\/ARL_logoRGB-1024x238.png 1024w, https:\/\/ingame.erasmus.site\/wp-content\/uploads\/2020\/07\/ARL_logoRGB-768x179.png 768w, https:\/\/ingame.erasmus.site\/wp-content\/uploads\/2020\/07\/ARL_logoRGB-1536x357.png 1536w, https:\/\/ingame.erasmus.site\/wp-content\/uploads\/2020\/07\/ARL_logoRGB.png 1750w\" sizes=\"(max-width: 300px) 100vw, 300px\" \/><\/h2>\n<h2 style=\"text-align: center;\">Romanian Literacy Association (Romania)<\/h2>\n<p>La <strong><em>Romanian Literacy Association<\/em><\/strong> \u00e8 stata fondata nel dicembre 2013, secondo l&#8217;ordinanza della Corte emessa il 4 dicembre 2013.<\/p>\n<p>Lo scopo fondamentale dell&#8217;associazione \u00e8 quello di sviluppare, promuovere e sostenere i programmi e i progetti educativi che servono a migliorare e sviluppare i servizi educativi forniti dalle istituzioni educative a bambin*, giovani e adulti provenienti dalla Romania e dall&#8217;estero, nonch\u00e9 la promozione di progetti nei settori dell&#8217;istruzione, sociale, culturale, educativo, di assistenza civica e di responsabilit\u00e0 sociale.<\/p>\n<p>RLA offre programmi di formazione per insegnanti e dirigenti scolastici con l&#8217;obiettivo di aiutare le scuole a diventare luoghi di apprendimento migliori per le studentesse e gli studenti. RLA collabora con molte altre organizzazioni pubbliche e private per sviluppare le competenze funzionali e digitali delle studentesse e degli studenti.<\/p>\n<p>Sito web: <a href=\"https:\/\/www.arlromania.ro\/\" target=\"_blank\" rel=\"noopener noreferrer\">https:\/\/www.arlromania.ro\/<\/a><\/p>\n<hr \/>\n<h2><img decoding=\"async\" class=\"size-medium wp-image-63 aligncenter\" src=\"https:\/\/ingame.erasmus.site\/wp-content\/uploads\/2020\/07\/act_burgundy_logo-300x225.jpg\" alt=\"\" width=\"300\" height=\"225\" srcset=\"https:\/\/ingame.erasmus.site\/wp-content\/uploads\/2020\/07\/act_burgundy_logo-300x225.jpg 300w, https:\/\/ingame.erasmus.site\/wp-content\/uploads\/2020\/07\/act_burgundy_logo-768x576.jpg 768w, https:\/\/ingame.erasmus.site\/wp-content\/uploads\/2020\/07\/act_burgundy_logo.jpg 1024w\" sizes=\"(max-width: 300px) 100vw, 300px\" \/><\/h2>\n<h2 style=\"text-align: center;\">Educational Association Anatolia (Grecia)<\/h2>\n<p>Dopo la sua fondazione originaria nel 1886 a Merzifon, in Turchia, l&#8217;Anatolia \u00e8 stata sinonimo di istruzione di qualit\u00e0. Con sede a Salonicco, in Grecia, dal 1923, l&#8217;Anatolia \u00e8 una comunit\u00e0 educativa integrata con tre dipartimenti accademici: <em>Anatolia Elementary School, Anatolia High School e ACT &#8211; American College of Thessaloniki<\/em>. Fornisce programmi curricolari ed extracurriculari rigorosi e di alta qualit\u00e0 in un ambiente educativo culturalmente eterogeneo. La sua stabile e solida infrastruttura comprende due biblioteche, una delle quali, la <em>Bissell Library<\/em>, \u00e8 una delle pi\u00f9 grandi biblioteche di lingua inglese in Grecia. I centri tecnologici e i laboratori informatici della scuola rendono le strutture informatiche all&#8217;avanguardia facilmente accessibili alle\/ai ricercatrici\/tori.<\/p>\n<p>Sito web: <a href=\"https:\/\/www.act.edu\/\" target=\"_blank\" rel=\"noopener noreferrer\">https:\/\/www.act.edu\/<\/a><\/p>\n<hr \/>\n<p><a name=\"univ\"><\/a><\/p>\n<h2><img loading=\"lazy\" decoding=\"async\" class=\"size-medium wp-image-60 aligncenter\" src=\"https:\/\/ingame.erasmus.site\/wp-content\/uploads\/2020\/07\/KTU-logo-ilgas-EN-300x156.jpg\" alt=\"\" width=\"300\" height=\"156\" srcset=\"https:\/\/ingame.erasmus.site\/wp-content\/uploads\/2020\/07\/KTU-logo-ilgas-EN-300x156.jpg 300w, https:\/\/ingame.erasmus.site\/wp-content\/uploads\/2020\/07\/KTU-logo-ilgas-EN-1024x531.jpg 1024w, https:\/\/ingame.erasmus.site\/wp-content\/uploads\/2020\/07\/KTU-logo-ilgas-EN-768x398.jpg 768w, https:\/\/ingame.erasmus.site\/wp-content\/uploads\/2020\/07\/KTU-logo-ilgas-EN.jpg 1304w\" sizes=\"(max-width: 300px) 100vw, 300px\" \/><\/h2>\n<h2 style=\"text-align: center;\">Kaunas University of Technology (Lituania)<\/h2>\n<p><strong>La Facolt\u00e0 di Informatica dell&#8217;Universit\u00e0 di Tecnologia di Kaunas<\/strong> (Lituania) \u00e8 il primo e uno dei pi\u00f9 grandi centri di ricerca e di istruzione in Lituania che offre studi nel campo della tecnologia dell&#8217;informazione, dove ogni anno pi\u00f9 di 2.000 student* vengono format* da circa 200 insegnanti. Ogni anno aumenta il numero di professionist* che entrano a far parte del nostro corpo docente \u2013 le\/i rappresentanti delle principali organizzazioni e istituzioni lituane e internazionali contribuiscono alla formazione delle\/dei giovani specialist* informatic*. Siamo orgoglios* non solo delle\/dei nostr* student*, il cui numero sta crescendo pi\u00f9 velocemente in Lituania e i cui risultati e le cui competenze sono lodati dai datori di lavoro di tutto il mondo, ma anche delle\/dei nostr* scienziat* e ricercatrici\/tori che sono attivamente coinvolti nella conduzione di progetti di ricerca interdisciplinari insieme alle imprese, all&#8217;industria e alle istituzioni statali.<\/p>\n<p>Sito web: <a href=\"https:\/\/en.ktu.edu\/\" target=\"_blank\" rel=\"noopener noreferrer\">https:\/\/en.ktu.edu\/<\/a><\/p>\n<hr \/>\n<h2><img loading=\"lazy\" decoding=\"async\" class=\"size-medium wp-image-61 aligncenter\" src=\"https:\/\/ingame.erasmus.site\/wp-content\/uploads\/2020\/07\/zbv-300x177.png\" alt=\"\" width=\"300\" height=\"177\" srcset=\"https:\/\/ingame.erasmus.site\/wp-content\/uploads\/2020\/07\/zbv-300x177.png 300w, https:\/\/ingame.erasmus.site\/wp-content\/uploads\/2020\/07\/zbv.png 690w\" sizes=\"(max-width: 300px) 100vw, 300px\" \/><\/h2>\n<h2 style=\"text-align: center;\">ZB&amp;V (Paesi Bassi)<\/h2>\n<p><strong>ZB&amp;V<\/strong> assiste i clienti nella ricerca e nell&#8217;elaborazione di approcci narrativi che possono essere ampiamente applicati nel campo dell&#8217;istruzione, dell&#8217;assistenza sociale e della leadership. Sviluppiamo corsi di formazione e workshop e siamo anche espert* di approcci narrativi e narrazione applicata. Gli approcci narrativi e la narrazione applicata possono essere utili in molti contesti: trasferimento di conoscenze, scambio di storie, analisi della storia, analisi del significato e del senso, sviluppo di storie alternative, il s\u00e9 e gli altri. Pu\u00f2 anche rafforzare la resilienza negli individui e nelle comunit\u00e0, e favorire la capacit\u00e0 di affrontare il cambiamento, di fare piani e di agire su di essi. ZB&amp;V \u00e8 anche partner nell&#8217;ambito di progetti europei (Erasmus+).<\/p>\n<p>Sito web: <a href=\"https:\/\/zbvresearch.nl\/index.html\" target=\"_blank\" rel=\"noopener noreferrer\">https:\/\/zbvresearch.nl\/index.html<\/a><\/p>\n<hr \/>\n<h2><img loading=\"lazy\" decoding=\"async\" class=\"size-medium wp-image-64 aligncenter\" src=\"https:\/\/ingame.erasmus.site\/wp-content\/uploads\/2020\/07\/CSI_logo_HighRes_NoBackground-300x102.png\" alt=\"\" width=\"300\" height=\"102\" srcset=\"https:\/\/ingame.erasmus.site\/wp-content\/uploads\/2020\/07\/CSI_logo_HighRes_NoBackground-300x102.png 300w, https:\/\/ingame.erasmus.site\/wp-content\/uploads\/2020\/07\/CSI_logo_HighRes_NoBackground-1024x350.png 1024w, https:\/\/ingame.erasmus.site\/wp-content\/uploads\/2020\/07\/CSI_logo_HighRes_NoBackground-768x262.png 768w, https:\/\/ingame.erasmus.site\/wp-content\/uploads\/2020\/07\/CSI_logo_HighRes_NoBackground-1536x525.png 1536w, https:\/\/ingame.erasmus.site\/wp-content\/uploads\/2020\/07\/CSI_logo_HighRes_NoBackground-2048x700.png 2048w\" sizes=\"(max-width: 300px) 100vw, 300px\" \/><\/h2>\n<h2 style=\"text-align: center;\">Center for Social Innovation (Cipro)<\/h2>\n<p>Il <strong>Centro per l&#8217;Innovazione Sociale<\/strong> (CSI) \u00e8 un&#8217;organizzazione internazionale di ricerca e sviluppo che si concentra sulla promozione dell&#8217;innovazione sociale che pu\u00f2 portare un cambiamento positivo alle sfide locali, nazionali, regionali e globali. Il team del CSI \u00e8 composto da ricercatrici\/tori sociali di ampie vedute e perfettamente qualificat*, imprenditrici\/tori, project manager, formatrici\/tori e sviluppatrici\/tori di tecnologie dell&#8217;informazione. Il Centro per l&#8217;Innovazione Sociale lavora intorno a problemi sociali sistemici che influenzano il modo in cui studiamo, lavoriamo, socializziamo, viviamo la nostra vita e trattiamo le persone che ci circondano. Il nostro obiettivo \u00e8 quello di sviluppare costantemente un&#8217;ampia comprensione di quali siano le cause alla radice di questi problemi, sviluppare soluzioni che siano socialmente edificanti e stimolanti, e sostenere queste soluzioni attraverso processi dirompenti che considerino la sostenibilit\u00e0 a lungo termine. Il nostro obiettivo strategico \u00e8 che tutti i progetti in cui siamo coinvolti si intreccino tra loro e si muovano verso un cluster di impatto positivo nell&#8217;ecosistema locale, regionale e globale.<\/p>\n<p>Sito web: <a href=\"http:\/\/csicy.com\" target=\"_blank\" rel=\"noopener noreferrer\">http:\/\/csicy.com<\/a><\/p>\n<hr \/>\n<h2><img loading=\"lazy\" decoding=\"async\" class=\"size-full wp-image-57 aligncenter\" src=\"https:\/\/ingame.erasmus.site\/wp-content\/uploads\/2020\/07\/Logo-Oxfam-Italia.png\" alt=\"\" width=\"206\" height=\"82\" \/><\/h2>\n<h2 style=\"text-align: center;\">Oxfam Italia (Italia)<\/h2>\n<p><strong>Oxfam Italia<\/strong> \u00e8 una ONG italiana, associazione senza scopo di lucro, membro a pieno titolo della Confederazione Internazionale Oxfam che riunisce 20 organizzazioni in rete in pi\u00f9 di 90 paesi, nell&#8217;ambito di un movimento globale per il cambiamento, per costruire un futuro libero dall&#8217;ingiustizia della povert\u00e0. Le principali aree di intervento di Oxfam Italia sono: Cooperazione allo sviluppo e aiuto umanitario; Campagne e Educazione alla cittadinanza attiva; Progetti di sviluppo locale, accoglienza dei migranti, esclusione sociale e integrazione dei migranti. Sulla base di ricerche e analisi e dell&#8217;esperienza reale dei partner locali nei paesi in via di sviluppo, Oxfam Italia, in collaborazione con tutte le altre affiliate Oxfam, \u00a0porta avanti campagne e attivit\u00e0 di advocacy per sensibilizzare l&#8217;opinione pubblica sulle cause della povert\u00e0, incoraggiare la gente comune ad agire per un mondo pi\u00f9 equo e fare pressione sui decisori politici per cambiare le politiche e le pratiche che rafforzano la povert\u00e0 e l&#8217;ingiustizia.<\/p>\n<p>Sito web: <a href=\"https:\/\/www.oxfam.org\" target=\"_blank\" rel=\"noopener noreferrer\">https:\/\/www.oxfam.org<\/a><\/p>\n<hr \/>\n<h2><img loading=\"lazy\" decoding=\"async\" class=\" wp-image-1523 aligncenter\" src=\"https:\/\/ingame.erasmus.site\/wp-content\/uploads\/2020\/10\/51080312_1196371773859207_6149029700439113728_n-300x300.png\" alt=\"\" width=\"209\" height=\"209\" srcset=\"https:\/\/ingame.erasmus.site\/wp-content\/uploads\/2020\/10\/51080312_1196371773859207_6149029700439113728_n-300x300.png 300w, https:\/\/ingame.erasmus.site\/wp-content\/uploads\/2020\/10\/51080312_1196371773859207_6149029700439113728_n-150x150.png 150w, https:\/\/ingame.erasmus.site\/wp-content\/uploads\/2020\/10\/51080312_1196371773859207_6149029700439113728_n-768x768.png 768w, https:\/\/ingame.erasmus.site\/wp-content\/uploads\/2020\/10\/51080312_1196371773859207_6149029700439113728_n-24x24.png 24w, https:\/\/ingame.erasmus.site\/wp-content\/uploads\/2020\/10\/51080312_1196371773859207_6149029700439113728_n-36x36.png 36w, https:\/\/ingame.erasmus.site\/wp-content\/uploads\/2020\/10\/51080312_1196371773859207_6149029700439113728_n-48x48.png 48w, https:\/\/ingame.erasmus.site\/wp-content\/uploads\/2020\/10\/51080312_1196371773859207_6149029700439113728_n.png 801w\" sizes=\"(max-width: 209px) 100vw, 209px\" \/><\/h2>\n<h2 style=\"text-align: center;\">Symplexis (Grecia)<\/h2>\n<p><strong>Symplexis<\/strong> \u00e8 un&#8217;organizzazione greca senza scopo di lucro che si sforza di garantire pari opportunit\u00e0 per tutt* attraverso azioni e misure che costruiscono competenze, potenziano e promuovono l&#8217;impegno attivo e la partecipazione concentrandosi sulle categorie pi\u00f9 vulnerabili della popolazione e in particolare su quelle con minori opportunit\u00e0. La missione di Symplexis \u00e8 quella di elevare la coesione sociale attraverso azioni integrate e attivit\u00e0 basate su progetti che mirano a promuovere l&#8217;inclusione dei gruppi svantaggiati a rischio di emarginazione ed esclusione, promuovendo e proteggendo al contempo i diritti dei vari tipi di gruppi di popolazione che si trovano ad affrontare la discriminazione, concentrandosi sull&#8217;<em>empowerment <\/em>e sul sostegno delle vittime, sulla sensibilizzazione e sulla condivisione di informazioni a tutti i livelli.<\/p>\n<p>L&#8217;attivit\u00e0 di Symplexis si basa su approcci e interventi guidati dall&#8217;utente intorno a quattro assi principali di competenza, vale a dire:<\/p>\n<p>&#8211; L&#8217;inclusione sociale ed economica dei pi\u00f9 bisognosi, che comprende un&#8217;ampia variet\u00e0 di attivit\u00e0 volte a ridurre la povert\u00e0, prevenire l&#8217;emarginazione e promuovere l&#8217;integrazione sostenibile dei gruppi svantaggiati, con particolare attenzione alle\/ai cittadin* di paesi terzi.<\/p>\n<p>&#8211; La protezione e la promozione dei diritti umani attraverso attivit\u00e0 e interventi che rispondono alle esigenze di un&#8217;ampia gamma di gruppi di popolazione discriminata, come donne, bambini e anziani, vittime della violenza e della tratta di esseri umani, comunit\u00e0 LGBTQI, Rom e minori non accompagnati, migranti e richiedenti asilo \/ rifugiati.<\/p>\n<p>&#8211; L&#8217;accrescimento delle competenze, il rafforzamento delle capacit\u00e0 e l&#8217;<em>empowerment <\/em>dei gruppi vulnerabili con l&#8217;obiettivo di promuovere la parit\u00e0 di accesso all&#8217;istruzione formale e non formale per tutt* e di promuovere l&#8217;apprendimento lungo tutto l&#8217;arco della vita, concentrandosi sulle persone poco qualificate che incontrano difficolt\u00e0 nel mercato del lavoro.<\/p>\n<p>&#8211; Sviluppo delle\/dei bambin* e delle\/dei giovani attraverso azioni e progetti volti a ridurre la povert\u00e0 giovanile, promuovere la protezione delle\/dei bambin* e stimolare l&#8217;inclusione e lo sviluppo sociale.<\/p>\n<p>Sito web: <a href=\"https:\/\/symplexis.eu\" target=\"_blank\" rel=\"noopener noreferrer\">https:\/\/symplexis.eu<\/a><\/p>\n<hr \/>\n<p><img loading=\"lazy\" decoding=\"async\" class=\"size-medium wp-image-58 aligncenter\" src=\"https:\/\/ingame.erasmus.site\/wp-content\/uploads\/2020\/07\/logo-DANMAR-pion-z-haslem-300x240.jpg\" alt=\"\" width=\"300\" height=\"240\" srcset=\"https:\/\/ingame.erasmus.site\/wp-content\/uploads\/2020\/07\/logo-DANMAR-pion-z-haslem-300x240.jpg 300w, https:\/\/ingame.erasmus.site\/wp-content\/uploads\/2020\/07\/logo-DANMAR-pion-z-haslem-768x613.jpg 768w, https:\/\/ingame.erasmus.site\/wp-content\/uploads\/2020\/07\/logo-DANMAR-pion-z-haslem.jpg 983w\" sizes=\"(max-width: 300px) 100vw, 300px\" \/><\/p>\n<h2 style=\"text-align: center;\">Danmar Computers Sp. z o.o. (Polonia)<\/h2>\n<p><strong>Danmar Computers LLC<\/strong> \u00e8 una societ\u00e0 privata che opera nel campo dell&#8217;<em>Information Technology <\/em>e fornisce formazione professionale in questo campo. Danmar ha una vasta esperienza nello sviluppo di moderne applicazioni web e mobili che vengono utilizzate per scopi educativi. Danmar ha anche una lunga esperienza nella realizzazione di progetti europei all&#8217;interno dei quali il personale di ricerca e sviluppo dell&#8217;azienda conduce ricerche e prepara corsi di formazione su misura per le esigenze delle studentesse e degli studenti. Nel corso di 18 anni, Danmar ha realizzato con successo oltre 100 progetti nell&#8217;ambito di Grundtvig, Leonardo da Vinci, Progress e recentemente Erasmus+.<\/p>\n<p>In molti di questi progetti Danmar \u00e8 stata responsabile della progettazione e del coordinamento delle strategie di diffusione. Danmar Computers \u00e8 lo sviluppatore e fornitore di AdminProject (adminproject.eu), il sistema on-line per la gestione dei progetti europei. Tutte le attivit\u00e0 della societ\u00e0 si basano su un&#8217;ampia e consolidata rete di cooperazione, sia a livello nazionale che internazionale. Le reti nazionali comprendono istituzioni di formazione e consulenza, universit\u00e0, scuole, organizzazioni non governative e aziende del settore privato. La rete internazionale comprende partner di vari profili provenienti da tutti i paesi dell&#8217;Unione Europea. La missione di Danmar Computer \u00e8 la promozione dell&#8217;istruzione lungo tutto l&#8217;arco della vita e la garanzia della parit\u00e0 di accesso all&#8217;istruzione per tutti con l&#8217;uso delle moderne tecnologie.<\/p>\n<p>Sito web: <a href=\"https:\/\/danmar-computers.com.pl\/en\" target=\"_blank\" rel=\"noopener noreferrer\">https:\/\/danmar-computers.com.pl\/en<\/a><\/p>","protected":false},"excerpt":{"rendered":"<p>Coordinamento \u2013 Universidad de Salamanca (Spagna) L&#8217;Universit\u00e0 di Salamanca (USAL), fondata nel 1218 e una delle pi\u00f9 antiche in Europa, \u00e8 oggi una moderna universit\u00e0 europea, aperta alla cultura di &#8230;<\/p>\n","protected":false},"author":1,"featured_media":0,"parent":0,"menu_order":0,"comment_status":"closed","ping_status":"closed","template":"template-fullwidth.php","meta":{"_acf_changed":false,"footnotes":""},"class_list":["post-56","page","type-page","status-publish","hentry"],"acf":[],"_links":{"self":[{"href":"https:\/\/ingame.erasmus.site\/it\/wp-json\/wp\/v2\/pages\/56","targetHints":{"allow":["GET"]}}],"collection":[{"href":"https:\/\/ingame.erasmus.site\/it\/wp-json\/wp\/v2\/pages"}],"about":[{"href":"https:\/\/ingame.erasmus.site\/it\/wp-json\/wp\/v2\/types\/page"}],"author":[{"embeddable":true,"href":"https:\/\/ingame.erasmus.site\/it\/wp-json\/wp\/v2\/users\/1"}],"replies":[{"embeddable":true,"href":"https:\/\/ingame.erasmus.site\/it\/wp-json\/wp\/v2\/comments?post=56"}],"version-history":[{"count":20,"href":"https:\/\/ingame.erasmus.site\/it\/wp-json\/wp\/v2\/pages\/56\/revisions"}],"predecessor-version":[{"id":2182,"href":"https:\/\/ingame.erasmus.site\/it\/wp-json\/wp\/v2\/pages\/56\/revisions\/2182"}],"wp:attachment":[{"href":"https:\/\/ingame.erasmus.site\/it\/wp-json\/wp\/v2\/media?parent=56"}],"curies":[{"name":"wp","href":"https:\/\/api.w.org\/{rel}","templated":true}]}}