{"id":56,"date":"2020-07-26T11:46:37","date_gmt":"2020-07-26T11:46:37","guid":{"rendered":"https:\/\/ingame.erasmus.site\/?page_id=56"},"modified":"2023-04-17T10:58:58","modified_gmt":"2023-04-17T08:58:58","slug":"partners","status":"publish","type":"page","link":"https:\/\/ingame.erasmus.site\/es\/partners\/","title":{"rendered":"SOCIOS"},"content":{"rendered":"<p><\/p>\n<h2><img fetchpriority=\"high\" decoding=\"async\" class=\"size-medium wp-image-65 aligncenter\" src=\"https:\/\/ingame.erasmus.site\/wp-content\/uploads\/2020\/07\/grial_negro-300x300.png\" alt=\"\" width=\"300\" height=\"300\" srcset=\"https:\/\/ingame.erasmus.site\/wp-content\/uploads\/2020\/07\/grial_negro-300x300.png 300w, https:\/\/ingame.erasmus.site\/wp-content\/uploads\/2020\/07\/grial_negro-1024x1024.png 1024w, https:\/\/ingame.erasmus.site\/wp-content\/uploads\/2020\/07\/grial_negro-150x150.png 150w, https:\/\/ingame.erasmus.site\/wp-content\/uploads\/2020\/07\/grial_negro-768x768.png 768w, https:\/\/ingame.erasmus.site\/wp-content\/uploads\/2020\/07\/grial_negro-1536x1536.png 1536w, https:\/\/ingame.erasmus.site\/wp-content\/uploads\/2020\/07\/grial_negro.png 1915w\" sizes=\"(max-width: 300px) 100vw, 300px\" \/><\/h2>\n<h2 style=\"text-align: center;\">Coordinador \u2013 Universidad de Salamanca (Espa\u00f1a)<\/h2>\n<p><strong>La Universidad de Salamanca (USAL)<\/strong>, fundada en 1218 y una de las universidades m\u00e1s antiguas de Europa, es hoy una Universidad europea moderna, abierta a la cultura en pr\u00e1cticamente todas las ramas de la ense\u00f1anza. Su amplia experiencia en colaboraciones internacionales est\u00e1 documentada tanto en los convenios de cooperaci\u00f3n vigentes con m\u00e1s de 300 instituciones en todo el mundo, como en la participaci\u00f3n de sus investigadores en varios proyectos internacionales, en particular en el marco de los Programas Europeos. Desde 2009, la Universidad de Salamanca ha sido reconocida como Campus de Excelencia Internacional por el Gobierno de Espa\u00f1a por su alta calidad y excelencia en la docencia, formaci\u00f3n, actividad investigadora y vida acad\u00e9mica.<\/p>\n<p>La USAL participa en este proyecto a trav\u00e9s del Grupo de Investigaci\u00f3n en Interacci\u00f3n y eLearning (GRIAL), grupo de investigaci\u00f3n oficialmente reconocido por la USAL desde 2006, premiado como Grupo de Excelencia por la Junta de Castilla y Le\u00f3n (GR-47) desde 2007 hasta 2016 y como Unidad de Investigaci\u00f3n Consolidada desde julio de 2016 (UIC 081).<\/p>\n<p>Sitio web: <a href=\"https:\/\/grial.usal.es\" target=\"_blank\" rel=\"noopener noreferrer\">https:\/\/grial.usal.es<\/a><\/p>\n<hr \/>\n<h2><img decoding=\"async\" class=\"size-medium wp-image-59 aligncenter\" src=\"https:\/\/ingame.erasmus.site\/wp-content\/uploads\/2020\/07\/ARL_logoRGB-300x70.png\" alt=\"\" width=\"300\" height=\"70\" srcset=\"https:\/\/ingame.erasmus.site\/wp-content\/uploads\/2020\/07\/ARL_logoRGB-300x70.png 300w, https:\/\/ingame.erasmus.site\/wp-content\/uploads\/2020\/07\/ARL_logoRGB-1024x238.png 1024w, https:\/\/ingame.erasmus.site\/wp-content\/uploads\/2020\/07\/ARL_logoRGB-768x179.png 768w, https:\/\/ingame.erasmus.site\/wp-content\/uploads\/2020\/07\/ARL_logoRGB-1536x357.png 1536w, https:\/\/ingame.erasmus.site\/wp-content\/uploads\/2020\/07\/ARL_logoRGB.png 1750w\" sizes=\"(max-width: 300px) 100vw, 300px\" \/><\/h2>\n<h2 style=\"text-align: center;\">Asociaci\u00f3n Rumana de Alfabetizaci\u00f3n (Rumania)<\/h2>\n<p>La Asociaci\u00f3n Rumana de Alfabetizaci\u00f3n se fund\u00f3 en diciembre de 2013, de acuerdo con la orden judicial emitida el 4 de diciembre de 2013.<\/p>\n<p>El prop\u00f3sito fundamental de la asociaci\u00f3n es desarrollar, promover y apoyar los programas y proyectos educativos que sirven para mejorar y desarrollar los servicios educativos brindados por las instituciones educativas para ni\u00f1os, j\u00f3venes y adultos de Rumania y el extranjero, as\u00ed como la promoci\u00f3n de proyectos en los \u00e1mbitos educativo, social, cultural, educativo, c\u00edvico y de responsabilidad social.<\/p>\n<p>RLA ofrece programas de formaci\u00f3n para profesores y directores con el objetivo de ayudar a las escuelas a convertirse en mejores lugares de aprendizaje para los estudiantes. RLA se asocia con muchas otras organizaciones p\u00fablicas y privadas para desarrollar las habilidades de alfabetizaci\u00f3n funcional y digital de los estudiantes.<\/p>\n<p>Sitio web: <a href=\"https:\/\/www.arlromania.ro\/\" target=\"_blank\" rel=\"noopener noreferrer\">https:\/\/www.arlromania.ro\/<\/a><\/p>\n<hr \/>\n<h2><img decoding=\"async\" class=\"size-medium wp-image-63 aligncenter\" src=\"https:\/\/ingame.erasmus.site\/wp-content\/uploads\/2020\/07\/act_burgundy_logo-300x225.jpg\" alt=\"\" width=\"300\" height=\"225\" srcset=\"https:\/\/ingame.erasmus.site\/wp-content\/uploads\/2020\/07\/act_burgundy_logo-300x225.jpg 300w, https:\/\/ingame.erasmus.site\/wp-content\/uploads\/2020\/07\/act_burgundy_logo-768x576.jpg 768w, https:\/\/ingame.erasmus.site\/wp-content\/uploads\/2020\/07\/act_burgundy_logo.jpg 1024w\" sizes=\"(max-width: 300px) 100vw, 300px\" \/><\/h2>\n<h2 style=\"text-align: center;\">Asociaci\u00f3n Educativa de Anatolia (Grecia)<\/h2>\n<p>Despu\u00e9s de su fundaci\u00f3n en 1886 en Merzifon, Turqu\u00eda, Anatolia ha sido sin\u00f3nimo de educaci\u00f3n de calidad. Con sede en Thessaloniki, Grecia desde 1923, Anatolia es una comunidad educativa integrada con tres divisiones acad\u00e9micas: Anatolia Elementary School, Anatolia High School y ACT &#8211; American College of Thessaloniki. Proporciona programas curriculares y extracurriculares rigurosos y de alta calidad en un entorno educativo culturalmente diverso. Su s\u00f3lida y s\u00f3lida infraestructura incluye dos bibliotecas, una de las cuales, la biblioteca Bissell, es una de las bibliotecas de idioma ingl\u00e9s m\u00e1s grandes de Grecia. Los centros de tecnolog\u00eda y los laboratorios de TI de la escuela hacen que las instalaciones de TI de vanguardia sean f\u00e1cilmente accesibles para los investigadores.<\/p>\n<p>Sitio web: <a href=\"https:\/\/www.act.edu\/\" target=\"_blank\" rel=\"noopener noreferrer\">https:\/\/www.act.edu\/<\/a><\/p>\n<hr \/>\n<p><a name=\"univ\"><\/a><\/p>\n<h2><img loading=\"lazy\" decoding=\"async\" class=\"size-medium wp-image-60 aligncenter\" src=\"https:\/\/ingame.erasmus.site\/wp-content\/uploads\/2020\/07\/KTU-logo-ilgas-EN-300x156.jpg\" alt=\"\" width=\"300\" height=\"156\" srcset=\"https:\/\/ingame.erasmus.site\/wp-content\/uploads\/2020\/07\/KTU-logo-ilgas-EN-300x156.jpg 300w, https:\/\/ingame.erasmus.site\/wp-content\/uploads\/2020\/07\/KTU-logo-ilgas-EN-1024x531.jpg 1024w, https:\/\/ingame.erasmus.site\/wp-content\/uploads\/2020\/07\/KTU-logo-ilgas-EN-768x398.jpg 768w, https:\/\/ingame.erasmus.site\/wp-content\/uploads\/2020\/07\/KTU-logo-ilgas-EN.jpg 1304w\" sizes=\"(max-width: 300px) 100vw, 300px\" \/><\/h2>\n<h2 style=\"text-align: center;\">Universidad Tecnol\u00f3gica de Kaunas (Lituania)<\/h2>\n<p>La Facultad de Inform\u00e1tica de la Universidad Tecnol\u00f3gica de Kaunas (Lituania) es el primero y uno de los centros de investigaci\u00f3n y educaci\u00f3n m\u00e1s grandes de Lituania que ofrece estudios en el campo de la tecnolog\u00eda de la informaci\u00f3n, donde unos 200 profesores imparten clases a m\u00e1s de 2.000 estudiantes cada a\u00f1o. Cada a\u00f1o, el n\u00famero de profesionales que se unen a nuestro personal docente aumenta: los representantes de las principales organizaciones e instituciones lituanas e internacionales contribuyen a la formaci\u00f3n de los solicitados especialistas en TI j\u00f3venes. Estamos orgullosos no solo de nuestros estudiantes, cuyo n\u00famero est\u00e1 creciendo m\u00e1s r\u00e1pido en Lituania y cuyos logros y habilidades son elogiados por empleadores de todo el mundo, sino tambi\u00e9n de nuestros cient\u00edficos e investigadores que participan activamente en la realizaci\u00f3n de proyectos de investigaci\u00f3n interdisciplinarios junto con empresas e industrias. e instituciones estatales.<\/p>\n<p>Sitio web: <a href=\"https:\/\/en.ktu.edu\/\" target=\"_blank\" rel=\"noopener noreferrer\">https:\/\/en.ktu.edu\/<\/a><\/p>\n<hr \/>\n<h2><img loading=\"lazy\" decoding=\"async\" class=\"size-medium wp-image-61 aligncenter\" src=\"https:\/\/ingame.erasmus.site\/wp-content\/uploads\/2020\/07\/zbv-300x177.png\" alt=\"\" width=\"300\" height=\"177\" srcset=\"https:\/\/ingame.erasmus.site\/wp-content\/uploads\/2020\/07\/zbv-300x177.png 300w, https:\/\/ingame.erasmus.site\/wp-content\/uploads\/2020\/07\/zbv.png 690w\" sizes=\"(max-width: 300px) 100vw, 300px\" \/><\/h2>\n<h2 style=\"text-align: center;\">ZB&amp;V (Holanda)<\/h2>\n<p>ZB&amp;V ayuda a los clientes a investigar y elaborar enfoques narrativos que se pueden aplicar ampliamente en la educaci\u00f3n, la atenci\u00f3n social y el liderazgo. Desarrollamos capacitaciones y talleres y tambi\u00e9n somos conferencistas en enfoques narrativos y storytelling aplicado. Los enfoques narrativos y la narraci\u00f3n aplicada pueden ser \u00fatiles en muchos contextos: transferencia de conocimientos, intercambio de historias, an\u00e1lisis de historias, creaci\u00f3n de significado y sentido, desarrollo de historias alternativas, el yo y los dem\u00e1s. Tambi\u00e9n puede reforzar la resiliencia en las personas y las comunidades, y ayudar a hacer frente al cambio, hacer planes y actuar en consecuencia. ZB&amp;V tambi\u00e9n es socio en el marco de proyectos europeos (Erasmus +).<\/p>\n<p>Sitio web: <a href=\"https:\/\/zbvresearch.nl\/index.html\" target=\"_blank\" rel=\"noopener noreferrer\">https:\/\/zbvresearch.nl\/index.html<\/a><\/p>\n<hr \/>\n<h2><img loading=\"lazy\" decoding=\"async\" class=\"size-medium wp-image-64 aligncenter\" src=\"https:\/\/ingame.erasmus.site\/wp-content\/uploads\/2020\/07\/CSI_logo_HighRes_NoBackground-300x102.png\" alt=\"\" width=\"300\" height=\"102\" srcset=\"https:\/\/ingame.erasmus.site\/wp-content\/uploads\/2020\/07\/CSI_logo_HighRes_NoBackground-300x102.png 300w, https:\/\/ingame.erasmus.site\/wp-content\/uploads\/2020\/07\/CSI_logo_HighRes_NoBackground-1024x350.png 1024w, https:\/\/ingame.erasmus.site\/wp-content\/uploads\/2020\/07\/CSI_logo_HighRes_NoBackground-768x262.png 768w, https:\/\/ingame.erasmus.site\/wp-content\/uploads\/2020\/07\/CSI_logo_HighRes_NoBackground-1536x525.png 1536w, https:\/\/ingame.erasmus.site\/wp-content\/uploads\/2020\/07\/CSI_logo_HighRes_NoBackground-2048x700.png 2048w\" sizes=\"(max-width: 300px) 100vw, 300px\" \/><\/h2>\n<h2 style=\"text-align: center;\">Centro de Innovaci\u00f3n Social (Chipre)<\/h2>\n<p>El Centro de Innovaci\u00f3n Social (CSI) es una organizaci\u00f3n internacional de investigaci\u00f3n y desarrollo que se enfoca en fomentar la innovaci\u00f3n social que puede generar un cambio positivo en los desaf\u00edos locales, nacionales, regionales y globales. El equipo de CSI est\u00e1 compuesto por investigadores sociales, emprendedores, directores de proyectos, formadores y desarrolladores de tecnolog\u00edas de la informaci\u00f3n de mente abierta y totalmente equipados. El Centro de Innovaci\u00f3n Social trabaja en torno a problemas sociales sist\u00e9micos que afectan la forma en que estudiamos, trabajamos, socializamos, vivimos nuestras vidas y tratamos a las personas que nos rodean. Nuestro objetivo es desarrollar continuamente una amplia comprensi\u00f3n de cu\u00e1l es la causa ra\u00edz de estos problemas, desarrollar soluciones que sean socialmente edificantes y energizantes, y sustentar estas soluciones a trav\u00e9s de procesos disruptivos que consideren la sostenibilidad a largo plazo. Nuestro enfoque estrat\u00e9gico es que todos los proyectos en los que participamos est\u00e9n entrelazados y hacia un cluster de impacto positivo en el ecosistema local, regional y global.<\/p>\n<p>Sitio web: <a href=\"http:\/\/csicy.com\" target=\"_blank\" rel=\"noopener noreferrer\">http:\/\/csicy.com<\/a><\/p>\n<hr \/>\n<h2><img loading=\"lazy\" decoding=\"async\" class=\"size-full wp-image-57 aligncenter\" src=\"https:\/\/ingame.erasmus.site\/wp-content\/uploads\/2020\/07\/Logo-Oxfam-Italia.png\" alt=\"\" width=\"206\" height=\"82\" \/><\/h2>\n<h2 style=\"text-align: center;\">OXFAM Italia (Italia)<\/h2>\n<p>Oxfam Italia es una ONG italiana, asociaci\u00f3n sin \u00e1nimo de lucro, miembro de pleno derecho de la Confederaci\u00f3n Internacional Oxfam que involucra a 20 organizaciones en red en m\u00e1s de 90 pa\u00edses, como parte de un movimiento global para el cambio, para construir un futuro libre de la injusticia de pobreza. Las principales \u00e1reas de intervenci\u00f3n de Oxfam Italia son: cooperaci\u00f3n al desarrollo y ayuda humanitaria; Campa\u00f1as y Educaci\u00f3n para la Ciudadan\u00eda Activa; Proyectos de desarrollo local, acogida de migrantes, exclusi\u00f3n social e integraci\u00f3n de migrantes. Sobre la base de la investigaci\u00f3n y el an\u00e1lisis y de la experiencia real de los socios locales en los pa\u00edses en desarrollo, Oxfam Italia, en colaboraci\u00f3n con todas las dem\u00e1s afiliadas de Oxfam, lleva a cabo campa\u00f1as y actividades de promoci\u00f3n para concienciar al p\u00fablico sobre las causas de la pobreza, alentar a la gente com\u00fan. tomar medidas por un mundo m\u00e1s justo y presionar a los tomadores de decisiones para que cambien las pol\u00edticas y pr\u00e1cticas que refuerzan la pobreza y la injusticia.<\/p>\n<p>Sitio web: <a href=\"https:\/\/www.oxfam.org\" target=\"_blank\" rel=\"noopener noreferrer\">https:\/\/www.oxfam.org<\/a><\/p>\n<hr \/>\n<h2><img loading=\"lazy\" decoding=\"async\" class=\" wp-image-1523 aligncenter\" src=\"https:\/\/ingame.erasmus.site\/wp-content\/uploads\/2020\/10\/51080312_1196371773859207_6149029700439113728_n-300x300.png\" alt=\"\" width=\"209\" height=\"209\" srcset=\"https:\/\/ingame.erasmus.site\/wp-content\/uploads\/2020\/10\/51080312_1196371773859207_6149029700439113728_n-300x300.png 300w, https:\/\/ingame.erasmus.site\/wp-content\/uploads\/2020\/10\/51080312_1196371773859207_6149029700439113728_n-150x150.png 150w, https:\/\/ingame.erasmus.site\/wp-content\/uploads\/2020\/10\/51080312_1196371773859207_6149029700439113728_n-768x768.png 768w, https:\/\/ingame.erasmus.site\/wp-content\/uploads\/2020\/10\/51080312_1196371773859207_6149029700439113728_n-24x24.png 24w, https:\/\/ingame.erasmus.site\/wp-content\/uploads\/2020\/10\/51080312_1196371773859207_6149029700439113728_n-36x36.png 36w, https:\/\/ingame.erasmus.site\/wp-content\/uploads\/2020\/10\/51080312_1196371773859207_6149029700439113728_n-48x48.png 48w, https:\/\/ingame.erasmus.site\/wp-content\/uploads\/2020\/10\/51080312_1196371773859207_6149029700439113728_n.png 801w\" sizes=\"(max-width: 209px) 100vw, 209px\" \/><\/h2>\n<h2 style=\"text-align: center;\">Symplexis (Grecia)<\/h2>\n<p>Symplexis es una organizaci\u00f3n griega sin \u00e1nimo de lucro que se esfuerza por garantizar la igualdad de oportunidades para todos a trav\u00e9s de acciones y medidas que desarrollan habilidades, empoderan y promueven el compromiso y la participaci\u00f3n activos, centr\u00e1ndose en las categor\u00edas m\u00e1s vulnerables de la poblaci\u00f3n y, en particular, en aquellas con menos oportunidades. La misi\u00f3n de Symplexis es elevar la cohesi\u00f3n social a trav\u00e9s de acciones integradas y actividades basadas en proyectos que tienen como objetivo promover la inclusi\u00f3n de grupos desfavorecidos en riesgo de marginaci\u00f3n y exclusi\u00f3n, al tiempo que promueven y protegen los derechos de diversos tipos de grupos de poblaci\u00f3n que enfrentan discriminaci\u00f3n con enfoque en empoderamiento y apoyo de las v\u00edctimas, sensibilizaci\u00f3n e intercambio de informaci\u00f3n a todos los niveles.<\/p>\n<p>La actividad de Symplexis se basa en enfoques e intervenciones dirigidos por los usuarios en torno a cuatro ejes principales de experiencia, a saber:<\/p>\n<p>&#8211; La inclusi\u00f3n social y econ\u00f3mica de los m\u00e1s necesitados mediante una amplia variedad de actividades destinadas a reducir la pobreza, prevenir la marginaci\u00f3n y promover la integraci\u00f3n sostenible de los grupos desfavorecidos, con especial atenci\u00f3n a los nacionales de terceros pa\u00edses.<\/p>\n<p>&#8211; La protecci\u00f3n y promoci\u00f3n de los derechos humanos a trav\u00e9s de actividades e intervenciones que atiendan las necesidades de una amplia gama de grupos de poblaci\u00f3n discriminados, como mujeres, ni\u00f1os y ancianos, v\u00edctimas de violencia y trata de personas, comunidad LGBTQI, roman\u00edes y menores no acompa\u00f1ados, migrantes y solicitantes de asilo \/ refugiados.<\/p>\n<p>&#8211; Mejora de las habilidades, desarrollo de capacidades y empoderamiento de los grupos vulnerables con el objetivo de promover el acceso equitativo a la educaci\u00f3n formal y no formal para todos y promover el aprendizaje a lo largo de toda la vida centrado en las personas con pocas habilidades que enfrentan dificultades en el (re) mercado laboral.<\/p>\n<p>&#8211; Desarrollo infantil y juvenil a trav\u00e9s de acciones y proyectos destinados a reducir la pobreza juvenil, promover la protecci\u00f3n de la infancia y estimular la inclusi\u00f3n social y el desarrollo.<\/p>\n<p>Sitio web: <a href=\"https:\/\/symplexis.eu\" target=\"_blank\" rel=\"noopener noreferrer\">https:\/\/symplexis.eu<\/a><\/p>\n<hr \/>\n<p><img loading=\"lazy\" decoding=\"async\" class=\"size-medium wp-image-58 aligncenter\" src=\"https:\/\/ingame.erasmus.site\/wp-content\/uploads\/2020\/07\/logo-DANMAR-pion-z-haslem-300x240.jpg\" alt=\"\" width=\"300\" height=\"240\" srcset=\"https:\/\/ingame.erasmus.site\/wp-content\/uploads\/2020\/07\/logo-DANMAR-pion-z-haslem-300x240.jpg 300w, https:\/\/ingame.erasmus.site\/wp-content\/uploads\/2020\/07\/logo-DANMAR-pion-z-haslem-768x613.jpg 768w, https:\/\/ingame.erasmus.site\/wp-content\/uploads\/2020\/07\/logo-DANMAR-pion-z-haslem.jpg 983w\" sizes=\"(max-width: 300px) 100vw, 300px\" \/><\/p>\n<h2 style=\"text-align: center;\">Danmar Computers Sp. zoo. (Polonia)<\/h2>\n<p>Danmar Computers LLC es una empresa privada que opera en el campo de la tecnolog\u00eda de la informaci\u00f3n y que ofrece formaci\u00f3n profesional en este campo. Danmar tiene una amplia experiencia en el desarrollo de aplicaciones web y m\u00f3viles modernas que se utilizan con fines educativos. Danmar tambi\u00e9n tiene una larga experiencia en la realizaci\u00f3n de proyectos europeos en los que el personal de I + D de la empresa realiza investigaciones y prepara cursos de formaci\u00f3n adaptados a las necesidades de varios alumnos. Durante 18 a\u00f1os, Danmar ha implementado con \u00e9xito m\u00e1s de 100 proyectos dentro de Grundtvig, Leonardo da Vinci, Progress y recientemente Erasmus +.<\/p>\n<p>En muchos de estos proyectos, Danmar fue responsable de dise\u00f1ar y coordinar estrategias de difusi\u00f3n. Danmar Computers es el desarrollador y proveedor de AdminProject (adminproject.eu), el sistema en l\u00ednea para la gesti\u00f3n de proyectos europeos. Todas las actividades de la empresa se basan en una amplia y consolidada red de cooperaci\u00f3n, tanto a nivel nacional como internacional. Las redes nacionales incluyen instituciones de formaci\u00f3n y asesoramiento, universidades, escuelas, organizaciones no gubernamentales y empresas del sector privado. La red internacional incluye socios de varios perfiles procedentes de todos los pa\u00edses de la Uni\u00f3n Europea. La misi\u00f3n de Danmar Computer es la promoci\u00f3n de la educaci\u00f3n permanente y la garant\u00eda de igualdad de acceso a la educaci\u00f3n para todos con el uso de tecnolog\u00eda moderna.<\/p>\n<p>Sitio web: <a href=\"https:\/\/danmar-computers.com.pl\/en\" target=\"_blank\" rel=\"noopener noreferrer\">https:\/\/danmar-computers.com.pl\/en<\/a><\/p>","protected":false},"excerpt":{"rendered":"<p>Coordinador \u2013 Universidad de Salamanca (Espa\u00f1a) La Universidad de Salamanca (USAL), fundada en 1218 y una de las universidades m\u00e1s antiguas de Europa, es hoy una Universidad europea moderna, abierta &#8230;<\/p>\n","protected":false},"author":1,"featured_media":0,"parent":0,"menu_order":0,"comment_status":"closed","ping_status":"closed","template":"template-fullwidth.php","meta":{"_acf_changed":false,"footnotes":""},"class_list":["post-56","page","type-page","status-publish","hentry"],"acf":[],"_links":{"self":[{"href":"https:\/\/ingame.erasmus.site\/es\/wp-json\/wp\/v2\/pages\/56","targetHints":{"allow":["GET"]}}],"collection":[{"href":"https:\/\/ingame.erasmus.site\/es\/wp-json\/wp\/v2\/pages"}],"about":[{"href":"https:\/\/ingame.erasmus.site\/es\/wp-json\/wp\/v2\/types\/page"}],"author":[{"embeddable":true,"href":"https:\/\/ingame.erasmus.site\/es\/wp-json\/wp\/v2\/users\/1"}],"replies":[{"embeddable":true,"href":"https:\/\/ingame.erasmus.site\/es\/wp-json\/wp\/v2\/comments?post=56"}],"version-history":[{"count":20,"href":"https:\/\/ingame.erasmus.site\/es\/wp-json\/wp\/v2\/pages\/56\/revisions"}],"predecessor-version":[{"id":2182,"href":"https:\/\/ingame.erasmus.site\/es\/wp-json\/wp\/v2\/pages\/56\/revisions\/2182"}],"wp:attachment":[{"href":"https:\/\/ingame.erasmus.site\/es\/wp-json\/wp\/v2\/media?parent=56"}],"curies":[{"name":"wp","href":"https:\/\/api.w.org\/{rel}","templated":true}]}}